{"id":288160,"date":"2025-07-08T18:04:47","date_gmt":"2025-07-08T21:04:47","guid":{"rendered":"https:\/\/ip1blog.com\/?page_id=288160"},"modified":"2025-07-10T00:30:26","modified_gmt":"2025-07-10T03:30:26","slug":"curso-de-eletricista-gratis-aprenda-a-profissao-que-paga-ate-r8-000-mes","status":"publish","type":"page","link":"https:\/\/ip1blog.com\/it\/corso-gratuito-di-elettricista-per-imparare-il-mestiere-che-paga-fino-a-8-000-rupie-al-mese\/","title":{"rendered":"Corso gratuito per elettricisti: imparare la professione che rende fino a R$8.000\/mese"},"content":{"rendered":"<h1 class=\"wp-block-heading\"><strong>Corso gratuito per elettricisti: imparare la professione che rende fino a R$8.000\/mese<\/strong><\/h1>\n\n\n\n<p class=\"has-text-align-left\">E se vi dicessi che potete imparare TUTTO quello che vi serve per diventare un elettricista professionista senza pagare un centesimo?<strong>.<\/strong><\/p>\n\n\n\n<h2 class=\"wp-block-heading has-text-align-center\"><strong>Volete imparare il mestiere di elettricista?<\/strong><\/h2>\n\n\n\n<div class=\"wp-block-buttons is-layout-flex wp-block-buttons-is-layout-flex\">\n<div class=\"wp-block-button has-custom-width wp-block-button__width-100\"><a class=\"wp-block-button__link has-vivid-green-cyan-background-color has-background has-medium-font-size has-custom-font-size wp-element-button\" href=\"https:\/\/ip1blog.com\/it\/post\/corsi-gratuiti-per-elettricisti-tutto-quello-che-ce-da-sapere-per-partire-da-zero\/\"><strong>S\u00cc, VOGLIO QUESTO LAVORO<\/strong><\/a><\/div>\n\n\n\n<div class=\"wp-block-button has-custom-width wp-block-button__width-100\"><a class=\"wp-block-button__link has-vivid-cyan-blue-background-color has-background wp-element-button\" href=\"https:\/\/ip1blog.com\/it\/post\/category\/cursos\/curs-quiz\/\"><strong>VEDI ALTRE OPZIONI<\/strong><\/a><\/div>\n<\/div>\n\n\n\n<div style=\"height:70px\" aria-hidden=\"true\" class=\"wp-block-spacer\"><\/div>\n\n\n\n<p>In un Paese in cui migliaia di persone cercano ogni giorno un'opportunit\u00e0 migliore, trovare una professione stabile, apprezzata e ben retribuita pu\u00f2 sembrare una sfida. Ma se vi dicessi che <strong>esiste una carriera che pu\u00f2 pagare fino a R$8.000 al mese<\/strong>Qual \u00e8 il modo migliore per iniziare, con un'elevata domanda sul mercato e corsi gratuiti disponibili per iniziare oggi?<\/p>\n\n\n\n<p>Stiamo parlando di <strong>la professione dell'elettricista<\/strong>Questo \u00e8 uno dei corsi pi\u00f9 popolari in Brasile e pu\u00f2 trasformare completamente la vostra realt\u00e0 finanziaria e professionale, anche se non avete mai avuto contatti con l'area.<\/p>\n\n\n\n<p>In questo articolo capirete:<\/p>\n\n\n\n<ul class=\"wp-block-list\">\n<li>Perch\u00e9 fare l'elettricista \u00e8 una delle migliori scelte di carriera oggi;<\/li>\n\n\n\n<li>Come \u00e8 possibile imparare da zero, anche senza esperienza precedente;<\/li>\n\n\n\n<li>Dove trovarci <strong>corso gratuito per elettricisti<\/strong> e qualit\u00e0;<\/li>\n\n\n\n<li>E come sfruttare questa opportunit\u00e0 per assicurarsi un futuro molto pi\u00f9 luminoso.<\/li>\n<\/ul>\n\n\n\n<h3 class=\"wp-block-heading\">Perch\u00e9 la professione di elettricista \u00e8 in aumento?<\/h3>\n\n\n\n<p>La risposta \u00e8 semplice: <strong>oggi quasi tutto dipende dall'elettricit\u00e0<\/strong>. Le case, le aziende, le industrie e persino le aziende agricole hanno bisogno di impianti elettrici che funzionino correttamente. E per questo hanno bisogno di professionisti qualificati.<\/p>\n\n\n\n<p>Inoltre, la crescita dell'edilizia, l'espansione dei condomini residenziali, le ristrutturazioni e l'avanzamento delle tecnologie sostenibili (come l'energia solare), hanno portato al <strong>la domanda di elettricisti qualificati \u00e8 salita alle stelle<\/strong> negli ultimi anni.<\/p>\n\n\n\n<p>Secondo i dati dell'industria, ci sono regioni del paese in cui <strong>mancanza di manodopera qualificata<\/strong> - che porta molte aziende a offrire stipendi pi\u00f9 alti e persino benefit aggiuntivi per attirare buoni professionisti.<\/p>\n\n\n\n<h3 class=\"wp-block-heading\">Quanto guadagna un elettricista?<\/h3>\n\n\n\n<p>Lo stipendio di un elettricista pu\u00f2 variare notevolmente a seconda della regione, dell'esperienza e della specializzazione. Tuttavia, \u00e8 comune trovare offerte di lavoro con <strong>stipendi iniziali compresi tra R$2.000 e R$3.000<\/strong>. Con il tempo e una maggiore formazione, questo valore pu\u00f2 raddoppiare o addirittura triplicare.<\/p>\n\n\n\n<p>Gli elettricisti autonomi o quelli specializzati in installazioni residenziali, commerciali o industriali possono <strong>guadagnare tra R$5.000 e R$8.000 al mese<\/strong>soprattutto chi si occupa di progetti, manutenzione preventiva e installazione di pannelli solari.<\/p>\n\n\n\n<p>Inoltre, gli elettricisti possono lavorare in proprio, crearsi una propria clientela o anche collaborare con imprese di costruzione e imprese fisse.<\/p>\n\n\n\n<h3 class=\"wp-block-heading\">Ho bisogno di esperienza per diventare elettricista?<\/h3>\n\n\n\n<p>Questo \u00e8 uno dei grandi vantaggi di questa professione: <strong>si pu\u00f2 partire da zero!<\/strong> Molti elettricisti hanno iniziato come aiutanti o con corsi introduttivi e sono cresciuti nel tempo.<\/p>\n\n\n\n<p>Al giorno d'oggi, con l'accesso a Internet, \u00e8 possibile frequentare corsi <strong>totalmente gratuito<\/strong> che insegnano tutto, dai concetti pi\u00f9 elementari alle tecniche pi\u00f9 avanzate. E la cosa migliore \u00e8 che il tutto avviene al vostro ritmo, nel comfort di casa vostra e a costo zero.<\/p>\n\n\n\n<h3 class=\"wp-block-heading\">Cosa imparer\u00f2 in un corso gratuito per elettricisti?<\/h3>\n\n\n\n<p>In un buon corso gratuito per elettricisti, imparerete:<\/p>\n\n\n\n<ul class=\"wp-block-list\">\n<li>Nozioni di base sull'elettricit\u00e0;<\/li>\n\n\n\n<li>Tipi di corrente elettrica (continua e alternata);<\/li>\n\n\n\n<li>Assemblaggio e lettura di circuiti elettrici;<\/li>\n\n\n\n<li>Impianti elettrici residenziali e di edifici;<\/li>\n\n\n\n<li>Sicurezza sul lavoro (NR-10);<\/li>\n\n\n\n<li>Manutenzione preventiva e correttiva;<\/li>\n\n\n\n<li>E anche nozioni sull'energia solare e sugli impianti fotovoltaici.<\/li>\n<\/ul>\n\n\n\n<p>Alcuni corsi offrono anche <strong>certificato gratuito<\/strong>Questo pu\u00f2 aumentare notevolmente le possibilit\u00e0 di ottenere un lavoro formale o di servire pi\u00f9 clienti come freelance.<\/p>\n\n\n\n<h3 class=\"wp-block-heading\">Dove posso trovare un corso gratuito per elettricisti?<\/h3>\n\n\n\n<p>Oggi esistono diverse piattaforme affidabili che offrono <strong>corso online gratuito per elettricisti<\/strong>. Oltre alle istituzioni pubbliche, come il SENAI in collaborazione con i programmi governativi, \u00e8 possibile trovare ottime opzioni anche presso le scuole:<\/p>\n\n\n\n<ul class=\"wp-block-list\">\n<li><strong>Piattaforme di apprendimento online<\/strong> (come edX, Coursera e Udemy in versione gratuita);<\/li>\n\n\n\n<li><strong>Programmi sociali e ONG<\/strong> che offrono formazione professionale;<\/li>\n\n\n\n<li><strong>Siti web specializzati<\/strong> che offrono materiali gratuiti e lezioni video complete.<\/li>\n<\/ul>\n\n\n\n<p>Ma \u00e8 importante scegliere con saggezza. Non tutti i corsi gratuiti sono di qualit\u00e0. Ecco perch\u00e9 <strong>abbiamo messo insieme una pagina esclusiva<\/strong> tutte le informazioni necessarie per iniziare in modo sicuro e con un corso di qualit\u00e0. Il link si trova in fondo a questa pagina.<\/p>\n\n\n\n<h3 class=\"wp-block-heading\">Perch\u00e9 seguire questo corso ora?<\/h3>\n\n\n\n<p>Il mercato \u00e8 caldo e prima ci si allena, meglio \u00e8, <strong>prima si pu\u00f2 iniziare a lavorare e a guadagnare denaro<\/strong>. La professione di elettricista non richiede un titolo di studio superiore e offre <strong>reddito superiore alla media nazionale<\/strong>anche per chi \u00e8 agli inizi.<\/p>\n\n\n\n<p>Inoltre, si tratta di un'area in cui <strong>il lavoro non manca<\/strong>. Per ogni nuovo edificio, negozio o abitazione che sorge, \u00e8 necessario un elettricista. Per non parlare dei servizi di manutenzione, che sono frequenti e spesso di emergenza, il che significa che sono ben pagati.<\/p>\n\n\n\n<p>Un altro aspetto importante \u00e8 che, con il certificato in mano, si pu\u00f2 anche aprire il MEI (Microimprenditore Individuale), emettere fatture e ampliare le proprie opportunit\u00e0 di lavoro.<\/p>\n\n\n\n<h3 class=\"wp-block-heading\">Testimonianze di chi ha gi\u00e0 iniziato<\/h3>\n\n\n\n<blockquote class=\"wp-block-quote is-layout-flow wp-block-quote-is-layout-flow\">\n<p>\"Ero un assistente muratore, ho seguito un corso gratuito di elettricista online e oggi guadagno pi\u00f9 di R$5.000 al mese solo installando appartamenti. Mi ha cambiato la vita!\". - <strong>Marcos, 34 anni - Fortaleza\/CE<\/strong><\/p>\n<\/blockquote>\n\n\n\n<blockquote class=\"wp-block-quote is-layout-flow wp-block-quote-is-layout-flow\">\n<p>\"Ho seguito il corso per curiosit\u00e0 e oggi ho una mia clientela. Mi occupo di servizi residenziali e sto gi\u00e0 iniziando a lavorare con l'energia solare. Ne vale davvero la pena!\". - <strong>Tatiane, 29 anni - Campinas\/SP<\/strong><\/p>\n<\/blockquote>\n\n\n\n<h3 class=\"wp-block-heading\">Questa potrebbe essere la vostra occasione per cambiare la vostra vita<\/h3>\n\n\n\n<p>Che siate disoccupati, insoddisfatti di ci\u00f2 che guadagnate oggi o semplicemente desiderosi di imparare una nuova e promettente professione, <strong>non ignorate questa opportunit\u00e0<\/strong>.<\/p>\n\n\n\n<p>Il corso \u00e8 gratuito, 100% online, e potete iniziare oggi stesso. Non dovete lasciare la vostra casa, non dovete pagare nulla e non avete bisogno di alcuna esperienza.<\/p>\n\n\n\n<p>Tutto ci\u00f2 che serve \u00e8 la volont\u00e0 di imparare, seguire i passi e dedicarsi a se stessi.<\/p>","protected":false},"excerpt":{"rendered":"<p>Corso gratuito per elettricisti: imparare la professione che paga fino a R$8.000\/mese E se vi dicessi che potreste imparare TUTTO quello che vi serve per diventare un elettricista?<\/p>","protected":false},"author":1,"featured_media":0,"parent":0,"menu_order":0,"comment_status":"closed","ping_status":"closed","template":"","meta":{"footnotes":""},"class_list":["post-288160","page","type-page","status-publish","hentry"],"_links":{"self":[{"href":"https:\/\/ip1blog.com\/it\/wp-json\/wp\/v2\/pages\/288160","targetHints":{"allow":["GET"]}}],"collection":[{"href":"https:\/\/ip1blog.com\/it\/wp-json\/wp\/v2\/pages"}],"about":[{"href":"https:\/\/ip1blog.com\/it\/wp-json\/wp\/v2\/types\/page"}],"author":[{"embeddable":true,"href":"https:\/\/ip1blog.com\/it\/wp-json\/wp\/v2\/users\/1"}],"replies":[{"embeddable":true,"href":"https:\/\/ip1blog.com\/it\/wp-json\/wp\/v2\/comments?post=288160"}],"version-history":[{"count":15,"href":"https:\/\/ip1blog.com\/it\/wp-json\/wp\/v2\/pages\/288160\/revisions"}],"predecessor-version":[{"id":288211,"href":"https:\/\/ip1blog.com\/it\/wp-json\/wp\/v2\/pages\/288160\/revisions\/288211"}],"wp:attachment":[{"href":"https:\/\/ip1blog.com\/it\/wp-json\/wp\/v2\/media?parent=288160"}],"curies":[{"name":"wp","href":"https:\/\/api.w.org\/{rel}","templated":true}]}}