{"id":287927,"date":"2024-09-30T21:08:36","date_gmt":"2024-10-01T00:08:36","guid":{"rendered":"https:\/\/ip1blog.com\/?page_id=287927"},"modified":"2024-11-23T11:00:56","modified_gmt":"2024-11-23T14:00:56","slug":"aplicativo-para-baixar-musicas-mp3-gratis","status":"publish","type":"page","link":"https:\/\/ip1blog.com\/it\/scaricatore-gratuito-di-musica-mp3\/","title":{"rendered":"App per il download gratuito di musica MP3"},"content":{"rendered":"<h2>App per il download gratuito di musica MP3<\/h2>\n<p>Abbiamo creato un manuale per aiutarvi a trovare una <strong>applicazione per l'ascolto e il download di musica MP3<\/strong> sul vostro telefono cellulare. Godetevi i vostri brani preferiti direttamente dal vostro dispositivo mobile. I migliori<strong> app per lo streaming musicale<\/strong>.<\/p>\n<h2>VOLETE SCARICARE MUSICA SUL VOSTRO CELLULARE?<\/h2>\n<p>\t\t\t<a href=\"https:\/\/ip1blog.com\/it\/post\/app-per-ascoltare-e-scaricare-musica-su-cellulare-gratis\/\"><br \/>\n\t\t\t\t\t\t\t\t\tS\u00cc<br \/>\n\t\t\t\t\t<\/a><br \/>\n\t\t\t<a href=\"https:\/\/ip1blog.com\/it\/post\/app-per-ascoltare-e-scaricare-musica-su-cellulare-gratis\/\"><br \/>\n\t\t\t\t\t\t\t\t\tNO<br \/>\n\t\t\t\t\t<\/a><\/p>\n<h2>Rimarrai su questo sito<\/h2>\n<p>\t\t\t<!-- Event snippet for PAGEVIEW - AGORA NOT\u00cdCIAS conversion page --><\/p>\n<h1>Applicazioni per scaricare e ascoltare musica sul cellulare<\/h1>\n<p>La musica \u00e8 senza dubbio una delle forme d'arte pi\u00f9 apprezzate e consumate al mondo. Ha il potere di trasportarci in luoghi diversi, di risvegliare ricordi ed emozioni intense e di segnare momenti speciali della nostra vita. Con l'avanzare della tecnologia, il modo di consumare musica \u00e8 cambiato radicalmente. Oggi le applicazioni per scaricare e ascoltare musica sui telefoni cellulari svolgono un ruolo essenziale in questa trasformazione.<\/p>\n<h3>Breve storia della musica mobile<\/h3>\n<p>Prima di parlare delle app, \u00e8 interessante capire come siamo arrivati a questo punto. Qualche decennio fa, portare la musica in tasca era impensabile. Dispositivi come walkman e discman, per quanto innovativi, avevano dei limiti, soprattutto in termini di capacit\u00e0 di memorizzazione e portabilit\u00e0.<\/p>\n<p>Con l'arrivo dei lettori MP3 come l'iPod, la rivoluzione musicale ha fatto un grande passo avanti. \u00c8 stato possibile memorizzare migliaia di canzoni su un unico dispositivo, rendendo l'esperienza di ascolto della musica pi\u00f9 personale e pratica.<\/p>\n<p>Tuttavia, \u00e8 con l'avvento degli smartphone che \u00e8 avvenuta la vera rivoluzione. Questi dispositivi non solo memorizzano la musica, ma consentono anche l'accesso a Internet, rendendo possibile il download e l'ascolto istantaneo della musica.<\/p>\n<h3>L'era delle applicazioni musicali<\/h3>\n<p>Le app musicali hanno rivoluzionato il modo in cui interagiamo con i nostri brani preferiti. Ecco alcuni dei principali vantaggi:<\/p>\n<ul>\n<li><strong>Facilit\u00e0 di accesso<\/strong>Con pochi clic, \u00e8 possibile trovare qualsiasi canzone, artista o album che si desidera ascoltare.<\/li>\n<li><strong>Scoprire nuovi artisti<\/strong>Molte app utilizzano algoritmi che analizzano le vostre preferenze e suggeriscono nuovi brani e artisti in base a ci\u00f2 che gi\u00e0 vi piace.<\/li>\n<li><strong>Personalizzazione<\/strong>Playlist personalizzate, stazioni radio tematiche e raccomandazioni rendono l'esperienza musicale unica per ogni utente.<\/li>\n<li><strong>Qualit\u00e0 audio<\/strong>Alcune applicazioni consentono di regolare la qualit\u00e0 dell'audio in base alla connessione o alle preferenze dell'utente.<\/li>\n<li><strong>Collegamento ad altri dispositivi<\/strong>Molte applicazioni si collegano ad altri dispositivi, come gli altoparlanti intelligenti, offrendo un'esperienza pi\u00f9 coinvolgente.<\/li>\n<\/ul>\n<h3>Fattori da considerare nella scelta di un'applicazione<\/h3>\n<p>Quando si sceglie un'applicazione per scaricare e ascoltare musica, \u00e8 importante considerare alcuni punti:<\/p>\n<ul>\n<li><strong>Costo<\/strong>Alcune applicazioni sono gratuite, ma possono contenere pubblicit\u00e0 o avere limitazioni. Altre offrono piani a pagamento con pi\u00f9 funzioni e senza interruzioni.<\/li>\n<li><strong>Biblioteca musicale<\/strong>Non tutte le app hanno la stessa musica. A seconda dei vostri gusti musicali, una potrebbe essere pi\u00f9 adatta di un'altra.<\/li>\n<li><strong>Interfaccia e usabilit\u00e0<\/strong>La facilit\u00e0 d'uso \u00e8 essenziale. Un'interfaccia confusa pu\u00f2 compromettere la vostra esperienza.<\/li>\n<li><strong>Offline vs. Online<\/strong>Alcune app consentono di scaricare la musica per ascoltarla offline, il che \u00e8 utile in luoghi con internet limitato o per risparmiare i dati del cellulare.<\/li>\n<\/ul>\n<h3>L'impatto dello streaming<\/h3>\n<p>Lo streaming ha cambiato completamente il mercato musicale. Invece di acquistare e memorizzare musica individualmente, gli utenti pagano un abbonamento mensile (o utilizzano versioni con pubblicit\u00e0) per accedere a vaste librerie musicali. Questo ha reso la musica pi\u00f9 accessibile e diversificata che mai.<\/p>\n<p>Tuttavia, con cos\u00ec tante applicazioni disponibili, pu\u00f2 essere difficile scegliere la migliore. Ognuna ha i suoi punti di forza, le sue caratteristiche uniche e i suoi obiettivi.<\/p>\n<p>\u00a0<\/p>\n<p>Le applicazioni per scaricare e ascoltare musica sui telefoni cellulari hanno trasformato l'industria musicale, rendendola pi\u00f9 accessibile, personalizzata e varia. Anche se questo articolo non ha esplorato le applicazioni in dettaglio, non preoccupatevi!<\/p>\n<p>Se desiderate scoprire le migliori opzioni disponibili, oltre a consigli su come scaricare ed esplorare ciascuna di esse, abbiamo quello che fa per voi. Visitate il nostro articolo complementare, in cui analizziamo le principali opzioni presenti sul mercato e vi offriamo una guida passo-passo per iniziare il vostro viaggio musicale. Cliccate sul link sottostante e continuate la vostra avventura musicale con noi!<\/p>\n<p>\t\t\t<a href=\"https:\/\/ip1blog.com\/it\/post\/app-per-ascoltare-e-scaricare-musica-su-cellulare-gratis\/\"><br \/>\n\t\t\t\t\t\t\t\t\tCOME SCARICARE L&#039;APPLICAZIONE<br \/>\n\t\t\t\t\t<\/a><\/p>\n<h2>Rimarrai su questo sito<\/h2>","protected":false},"excerpt":{"rendered":"<p>Applicazione per scaricare musica MP3 gratuita Abbiamo creato un manuale per aiutarvi a trovare un'applicazione per ascoltare e scaricare musica MP3 sul vostro cellulare....<\/p>","protected":false},"author":1,"featured_media":0,"parent":0,"menu_order":0,"comment_status":"closed","ping_status":"closed","template":"elementor_header_footer","meta":{"footnotes":""},"class_list":["post-287927","page","type-page","status-publish","hentry"],"_links":{"self":[{"href":"https:\/\/ip1blog.com\/it\/wp-json\/wp\/v2\/pages\/287927","targetHints":{"allow":["GET"]}}],"collection":[{"href":"https:\/\/ip1blog.com\/it\/wp-json\/wp\/v2\/pages"}],"about":[{"href":"https:\/\/ip1blog.com\/it\/wp-json\/wp\/v2\/types\/page"}],"author":[{"embeddable":true,"href":"https:\/\/ip1blog.com\/it\/wp-json\/wp\/v2\/users\/1"}],"replies":[{"embeddable":true,"href":"https:\/\/ip1blog.com\/it\/wp-json\/wp\/v2\/comments?post=287927"}],"version-history":[{"count":10,"href":"https:\/\/ip1blog.com\/it\/wp-json\/wp\/v2\/pages\/287927\/revisions"}],"predecessor-version":[{"id":287949,"href":"https:\/\/ip1blog.com\/it\/wp-json\/wp\/v2\/pages\/287927\/revisions\/287949"}],"wp:attachment":[{"href":"https:\/\/ip1blog.com\/it\/wp-json\/wp\/v2\/media?parent=287927"}],"curies":[{"name":"wp","href":"https:\/\/api.w.org\/{rel}","templated":true}]}}