{"id":3,"date":"2023-08-19T17:19:57","date_gmt":"2023-08-19T17:19:57","guid":{"rendered":"http:\/\/casacelular.com.br\/?page_id=3"},"modified":"2024-07-12T12:21:46","modified_gmt":"2024-07-12T15:21:46","slug":"privacy-policy","status":"publish","type":"page","link":"https:\/\/ip1blog.com\/fr\/politique-de-confidentialite\/","title":{"rendered":"politique de confidentialit\u00e9"},"content":{"rendered":"<p><strong>Politique de confidentialit\u00e9 du blog IP1<\/strong><\/p>\n\n\n\n<p>Derni\u00e8re mise \u00e0 jour : 12 juillet 2024<\/p>\n\n\n\n<p>IP1 Blog (\"nous\", \"nous\" ou \"notre\") exploite le site web IP1 Blog (le \"service\"). Cette page vous informe de nos politiques concernant la collecte, l'utilisation et la divulgation des donn\u00e9es personnelles lorsque vous utilisez notre Service et des droits que vous avez associ\u00e9s \u00e0 ces donn\u00e9es.<\/p>\n\n\n\n<h3 class=\"wp-block-heading\">Collecte et utilisation des informations<\/h3>\n\n\n\n<p>Nous recueillons diff\u00e9rents types d'informations \u00e0 des fins diverses afin de vous fournir et d'am\u00e9liorer notre service.<\/p>\n\n\n\n<h3 class=\"wp-block-heading\">Types de donn\u00e9es collect\u00e9es<\/h3>\n\n\n\n<p><strong>Donn\u00e9es personnelles<\/strong><\/p>\n\n\n\n<p>Lorsque vous utilisez notre service, nous pouvons vous demander de nous fournir certaines informations personnelles qui peuvent \u00eatre utilis\u00e9es pour vous contacter ou vous identifier (\"donn\u00e9es personnelles\"). Ces informations peuvent inclure, mais ne sont pas limit\u00e9es \u00e0 :<\/p>\n\n\n\n<ul class=\"wp-block-list\">\n<li>Adresse \u00e9lectronique<\/li>\n\n\n\n<li>Nom et pr\u00e9nom<\/li>\n\n\n\n<li>Num\u00e9ro de t\u00e9l\u00e9phone<\/li>\n\n\n\n<li>Cookies et donn\u00e9es d'utilisation<\/li>\n<\/ul>\n\n\n\n<p><strong>Donn\u00e9es d'utilisation<\/strong><\/p>\n\n\n\n<p>Nous pouvons \u00e9galement collecter des informations sur la mani\u00e8re dont le service est consult\u00e9 et utilis\u00e9 (\"donn\u00e9es d'utilisation\"). Ces donn\u00e9es d'utilisation peuvent inclure des informations telles que l'adresse IP de votre ordinateur, le type de navigateur, la version du navigateur, les pages de notre service que vous visitez, l'heure et la date de votre visite, le temps pass\u00e9 sur ces pages, les identifiants uniques de l'appareil et d'autres donn\u00e9es de diagnostic.<\/p>\n\n\n\n<h3 class=\"wp-block-heading\">Suivi des donn\u00e9es et cookies<\/h3>\n\n\n\n<p>Nous utilisons des cookies et des technologies de suivi similaires pour suivre l'activit\u00e9 sur notre service et conserver certaines informations.<\/p>\n\n\n\n<p>Vous pouvez configurer votre navigateur pour qu'il refuse tous les cookies ou pour qu'il vous indique quand un cookie est envoy\u00e9. Toutefois, si vous n'acceptez pas les cookies, il se peut que vous ne puissiez pas utiliser certaines parties de notre service.<\/p>\n\n\n\n<h3 class=\"wp-block-heading\">Utilisation des donn\u00e9es<\/h3>\n\n\n\n<p>IP1 Blog utilise les donn\u00e9es collect\u00e9es \u00e0 diverses fins :<\/p>\n\n\n\n<ul class=\"wp-block-list\">\n<li>Fournir et maintenir notre service<\/li>\n\n\n\n<li>Pour vous informer des changements apport\u00e9s \u00e0 notre service<\/li>\n\n\n\n<li>pour vous permettre de participer aux fonctions interactives de notre service lorsque vous le souhaitez<\/li>\n\n\n\n<li>Fournir une assistance \u00e0 la client\u00e8le<\/li>\n\n\n\n<li>recueillir des analyses ou des informations utiles afin d'am\u00e9liorer notre service<\/li>\n\n\n\n<li>Contr\u00f4ler l'utilisation de notre service<\/li>\n\n\n\n<li>D\u00e9tecter, pr\u00e9venir et r\u00e9soudre les probl\u00e8mes techniques<\/li>\n<\/ul>\n\n\n\n<h3 class=\"wp-block-heading\">Transfert de donn\u00e9es<\/h3>\n\n\n\n<p>Vos informations, y compris les donn\u00e9es personnelles, peuvent \u00eatre transf\u00e9r\u00e9es et conserv\u00e9es sur des ordinateurs situ\u00e9s en dehors de votre \u00c9tat, province, pays ou autre juridiction gouvernementale o\u00f9 les lois sur la protection des donn\u00e9es peuvent diff\u00e9rer de celles de votre juridiction.<\/p>\n\n\n\n<p>Si vous \u00eates situ\u00e9 en dehors du Br\u00e9sil et que vous choisissez de nous fournir des informations, veuillez noter que nous transf\u00e9rons les donn\u00e9es, y compris les donn\u00e9es \u00e0 caract\u00e8re personnel, au Br\u00e9sil et que nous les traitons dans ce pays.<\/p>\n\n\n\n<h3 class=\"wp-block-heading\">Diffusion des donn\u00e9es<\/h3>\n\n\n\n<p>Nous pouvons divulguer des informations personnelles si la loi l'exige ou en r\u00e9ponse \u00e0 des citations \u00e0 compara\u00eetre valides ou \u00e0 des proc\u00e9dures judiciaires ; pour prot\u00e9ger les droits l\u00e9gaux d'IP1 Blog ; pour enqu\u00eater ou prendre des mesures contre des violations potentielles de nos politiques ; pour prot\u00e9ger la s\u00e9curit\u00e9 personnelle des utilisateurs du service ou du public.<\/p>\n\n\n\n<h3 class=\"wp-block-heading\">S\u00e9curit\u00e9 des donn\u00e9es<\/h3>\n\n\n\n<p>La s\u00e9curit\u00e9 de vos donn\u00e9es est importante pour nous, mais n'oubliez pas qu'aucune m\u00e9thode de transmission sur Internet ou de stockage \u00e9lectronique n'est 100% s\u00fbre. Bien que nous nous efforcions d'utiliser des moyens commercialement acceptables pour prot\u00e9ger vos donn\u00e9es personnelles, nous ne pouvons pas garantir leur s\u00e9curit\u00e9 absolue.<\/p>\n\n\n\n<h3 class=\"wp-block-heading\">Services de tiers<\/h3>\n\n\n\n<p>Nous pouvons employer des soci\u00e9t\u00e9s et des personnes tierces pour faciliter notre service (\"fournisseurs de services\"), fournir le service en notre nom, effectuer des services li\u00e9s au service ou nous aider \u00e0 analyser la mani\u00e8re dont notre service est utilis\u00e9.<\/p>\n\n\n\n<h3 class=\"wp-block-heading\">Liens vers d'autres sites<\/h3>\n\n\n\n<p>Notre service peut contenir des liens vers d'autres sites web qui ne sont pas exploit\u00e9s par nous. Si vous cliquez sur le lien d'un tiers, vous serez dirig\u00e9 vers le site web de ce tiers. Nous vous conseillons vivement de consulter la politique de confidentialit\u00e9 de chaque site web que vous visitez.<\/p>\n\n\n\n<h3 class=\"wp-block-heading\">Vie priv\u00e9e des enfants<\/h3>\n\n\n\n<p>Notre service n'est pas destin\u00e9 aux enfants de moins de 18 ans (\"enfants\").<\/p>\n\n\n\n<h3 class=\"wp-block-heading\">R\u00e8gles de confidentialit\u00e9 pour les annonces Google AdSense et les partenaires<\/h3>\n\n\n\n<p>Sur ce site, nous utilisons Google AdSense, un service de publicit\u00e9 fourni par Google Inc. Google AdSense utilise des \"cookies\", qui sont des fichiers texte plac\u00e9s sur votre ordinateur, pour aider le site Internet \u00e0 analyser l'utilisation du site par ses visiteurs. Outre les cookies, Google AdSense utilise \u00e9galement des balises web (images invisibles). Ces balises permettent \u00e0 Google et \u00e0 ses partenaires d'analyser l'interaction des visiteurs avec le site.<\/p>\n\n\n\n<p><strong>Informations collect\u00e9es<\/strong><\/p>\n\n\n\n<p>Les cookies et les pixels invisibles recueillent des informations telles que votre adresse IP, votre fournisseur d'acc\u00e8s, le navigateur que vous avez utilis\u00e9 pour visiter notre site (Chrome ou Firefox, par exemple), l'heure de votre visite et les pages que vous avez consult\u00e9es sur notre site. Ces informations sont utilis\u00e9es pour optimiser l'exp\u00e9rience de l'utilisateur en personnalisant le contenu publicitaire en fonction des visiteurs du site et d'autres sites sur l'internet.<\/p>\n\n\n\n<p><strong>Utilisation des donn\u00e9es<\/strong><\/p>\n\n\n\n<p>Les donn\u00e9es collect\u00e9es sont utilis\u00e9es pour fournir et am\u00e9liorer le service de publicit\u00e9, en veillant \u00e0 ce que les annonces affich\u00e9es soient plus pertinentes pour vous et vos int\u00e9r\u00eats. L'utilisation de ces informations permet \u00e9galement \u00e0 Google et \u00e0 ses partenaires de mesurer l'efficacit\u00e9 de leur publicit\u00e9.<\/p>\n\n\n\n<p><strong>Tiers<\/strong><\/p>\n\n\n\n<p>Nous pouvons \u00e9galement faire appel \u00e0 des tiers pour diffuser des publicit\u00e9s sur notre site. Ces tiers peuvent utiliser des technologies telles que les cookies lorsqu'ils font de la publicit\u00e9 sur notre site, ce qui leur donne \u00e9galement acc\u00e8s \u00e0 des informations telles que votre IP, votre FAI, votre navigateur, etc. Ces informations sont g\u00e9n\u00e9ralement utilis\u00e9es pour le g\u00e9o-ciblage ou l'affichage de certaines publicit\u00e9s en fonction des sites web sp\u00e9cifiques visit\u00e9s.<\/p>\n\n\n\n<p><strong>Vos choix<\/strong><\/p>\n\n\n\n<p>Vous avez le choix d'accepter ou de refuser les cookies en modifiant les param\u00e8tres de votre navigateur. Toutefois, si vous choisissez de refuser les cookies, cela peut interf\u00e9rer avec la mani\u00e8re dont vous pouvez interagir avec notre site web, ainsi qu'avec d'autres sites web. Cela peut inclure l'impossibilit\u00e9 de se connecter \u00e0 des services ou \u00e0 des programmes, tels que la connexion \u00e0 des forums ou \u00e0 des comptes.<\/p>\n\n\n\n<p>Pour plus d'informations sur la mani\u00e8re dont Google utilise les donn\u00e9es lorsque vous utilisez les sites Web ou les applications de ses partenaires, veuillez consulter la page <a>Comment Google utilise-t-il les informations provenant de sites Web ou d'applications qui utilisent nos services ?<\/a>.<\/p>\n\n\n\n<h3 class=\"wp-block-heading\">Consentement<\/h3>\n\n\n\n<p>En utilisant notre site web, vous acceptez la collecte et l'utilisation de ces informations comme d\u00e9crit dans cette section de la politique de confidentialit\u00e9 pour les annonces Google AdSense.<\/p>\n\n\n\n<h3 class=\"wp-block-heading\">Modifications de la pr\u00e9sente politique de protection de la vie priv\u00e9e<\/h3>\n\n\n\n<p>Nous pouvons mettre \u00e0 jour notre politique de confidentialit\u00e9 de temps \u00e0 autre. Nous vous informerons de toute modification en publiant la nouvelle politique de confidentialit\u00e9 sur cette page.<\/p>\n\n\n\n<h3 class=\"wp-block-heading\">Contactez-nous<\/h3>\n\n\n\n<p>Si vous avez des questions concernant cette politique de confidentialit\u00e9, veuillez nous contacter :<\/p>\n\n\n\n<ul class=\"wp-block-list\">\n<li>Par courrier \u00e9lectronique : <a>help@izzotodigital.com.br<\/a><\/li>\n\n\n\n<li>Sur les m\u00e9dias sociaux : @ip1blog<\/li>\n<\/ul>\n\n\n\n<p>En utilisant ce blog, vous acceptez la collecte et l'utilisation d'informations conform\u00e9ment \u00e0 la pr\u00e9sente politique.<\/p>","protected":false},"excerpt":{"rendered":"<p>Politique de confidentialit\u00e9 d'IP1 Blog Derni\u00e8re mise \u00e0 jour : 12 juillet 2024 IP1 Blog (\"nous\", \"notre\" ou \"nos\") exploite le site web d'IP1 Blog....<\/p>","protected":false},"author":1,"featured_media":0,"parent":0,"menu_order":0,"comment_status":"closed","ping_status":"open","template":"","meta":{"footnotes":""},"class_list":["post-3","page","type-page","status-publish","hentry"],"_links":{"self":[{"href":"https:\/\/ip1blog.com\/fr\/wp-json\/wp\/v2\/pages\/3","targetHints":{"allow":["GET"]}}],"collection":[{"href":"https:\/\/ip1blog.com\/fr\/wp-json\/wp\/v2\/pages"}],"about":[{"href":"https:\/\/ip1blog.com\/fr\/wp-json\/wp\/v2\/types\/page"}],"author":[{"embeddable":true,"href":"https:\/\/ip1blog.com\/fr\/wp-json\/wp\/v2\/users\/1"}],"replies":[{"embeddable":true,"href":"https:\/\/ip1blog.com\/fr\/wp-json\/wp\/v2\/comments?post=3"}],"version-history":[{"count":1,"href":"https:\/\/ip1blog.com\/fr\/wp-json\/wp\/v2\/pages\/3\/revisions"}],"predecessor-version":[{"id":287791,"href":"https:\/\/ip1blog.com\/fr\/wp-json\/wp\/v2\/pages\/3\/revisions\/287791"}],"wp:attachment":[{"href":"https:\/\/ip1blog.com\/fr\/wp-json\/wp\/v2\/media?parent=3"}],"curies":[{"name":"wp","href":"https:\/\/api.w.org\/{rel}","templated":true}]}}