{"id":288160,"date":"2025-07-08T18:04:47","date_gmt":"2025-07-08T21:04:47","guid":{"rendered":"https:\/\/ip1blog.com\/?page_id=288160"},"modified":"2025-07-10T00:30:26","modified_gmt":"2025-07-10T03:30:26","slug":"curso-de-eletricista-gratis-aprenda-a-profissao-que-paga-ate-r8-000-mes","status":"publish","type":"page","link":"https:\/\/ip1blog.com\/fr\/cours-delectricien-gratuit-apprendre-le-metier-qui-rapporte-jusqua-8-000-rands-par-mois\/","title":{"rendered":"Cours gratuit d'\u00e9lectricien : Apprenez la profession qui rapporte jusqu'\u00e0 R$8,000\/Mois"},"content":{"rendered":"<h1 class=\"wp-block-heading\"><strong>Cours gratuit d'\u00e9lectricien : Apprenez la profession qui rapporte jusqu'\u00e0 R$8,000\/Mois<\/strong><\/h1>\n\n\n\n<p class=\"has-text-align-left\">Et si je vous disais que vous pouvez TOUT apprendre pour devenir \u00e9lectricien professionnel sans d\u00e9bourser un centime ?<strong>.<\/strong><\/p>\n\n\n\n<h2 class=\"wp-block-heading has-text-align-center\"><strong>Vous voulez apprendre le m\u00e9tier d'\u00e9lectricien ?<\/strong><\/h2>\n\n\n\n<div class=\"wp-block-buttons is-layout-flex wp-block-buttons-is-layout-flex\">\n<div class=\"wp-block-button has-custom-width wp-block-button__width-100\"><a class=\"wp-block-button__link has-vivid-green-cyan-background-color has-background has-medium-font-size has-custom-font-size wp-element-button\" href=\"https:\/\/ip1blog.com\/fr\/post\/cours-delectricien-gratuits-tout-ce-quil-faut-savoir-pour-partir-de-zero\/\"><strong>OUI, JE VEUX CET EMPLOI<\/strong><\/a><\/div>\n\n\n\n<div class=\"wp-block-button has-custom-width wp-block-button__width-100\"><a class=\"wp-block-button__link has-vivid-cyan-blue-background-color has-background wp-element-button\" href=\"https:\/\/ip1blog.com\/fr\/post\/category\/cursos\/curs-quiz\/\"><strong>VOIR D'AUTRES OPTIONS<\/strong><\/a><\/div>\n<\/div>\n\n\n\n<div style=\"height:70px\" aria-hidden=\"true\" class=\"wp-block-spacer\"><\/div>\n\n\n\n<p>Dans un pays o\u00f9 des milliers de personnes cherchent chaque jour une meilleure opportunit\u00e9, trouver une profession stable, appr\u00e9ci\u00e9e et bien r\u00e9mun\u00e9r\u00e9e peut sembler un d\u00e9fi. Et si je vous disais que <strong>il existe une carri\u00e8re qui peut rapporter jusqu'\u00e0 R$8 000 par mois<\/strong>Quelle est la meilleure fa\u00e7on de d\u00e9marrer, avec une forte demande sur le march\u00e9 et des cours gratuits disponibles pour commencer d\u00e8s aujourd'hui ?<\/p>\n\n\n\n<p>Nous parlons de <strong>le m\u00e9tier d'\u00e9lectricien<\/strong>est l'une des formations les plus recherch\u00e9es au Br\u00e9sil et peut compl\u00e8tement transformer votre r\u00e9alit\u00e9 financi\u00e8re et professionnelle, m\u00eame si vous n'avez jamais eu de contact avec ce domaine auparavant.<\/p>\n\n\n\n<p>Dans cet article, vous comprendrez :<\/p>\n\n\n\n<ul class=\"wp-block-list\">\n<li>Pourquoi le m\u00e9tier d'\u00e9lectricien est l'un des meilleurs choix de carri\u00e8re aujourd'hui ;<\/li>\n\n\n\n<li>Comment il est possible d'apprendre \u00e0 partir de z\u00e9ro, m\u00eame sans exp\u00e9rience pr\u00e9alable ;<\/li>\n\n\n\n<li>O\u00f9 nous trouver <strong>cours d'\u00e9lectricien gratuit<\/strong> et la qualit\u00e9 ;<\/li>\n\n\n\n<li>Et comment profiter de cette opportunit\u00e9 pour s'assurer un avenir bien plus radieux.<\/li>\n<\/ul>\n\n\n\n<h3 class=\"wp-block-heading\">Pourquoi la profession d'\u00e9lectricien est-elle en hausse ?<\/h3>\n\n\n\n<p>La r\u00e9ponse est simple : <strong>presque tout d\u00e9pend aujourd'hui de l'\u00e9lectricit\u00e9<\/strong>. Les habitations, les entreprises, les industries et m\u00eame les exploitations agricoles ont besoin de syst\u00e8mes \u00e9lectriques fonctionnant correctement. Et pour cela, ils ont besoin de professionnels qualifi\u00e9s.<\/p>\n\n\n\n<p>En outre, la croissance de la construction, l'expansion des condominiums r\u00e9sidentiels, les r\u00e9novations et les progr\u00e8s des technologies durables (telles que l'\u00e9nergie solaire), ont conduit \u00e0 l'augmentation du nombre de logements en copropri\u00e9t\u00e9. <strong>la demande d'\u00e9lectriciens qualifi\u00e9s a explos\u00e9<\/strong> ces derni\u00e8res ann\u00e9es.<\/p>\n\n\n\n<p>Selon les donn\u00e9es de l'industrie, il existe des r\u00e9gions du pays o\u00f9 <strong>le manque de main-d'\u0153uvre qualifi\u00e9e<\/strong> - ce qui conduit de nombreuses entreprises \u00e0 offrir des salaires plus \u00e9lev\u00e9s et m\u00eame des avantages suppl\u00e9mentaires pour attirer les bons professionnels.<\/p>\n\n\n\n<h3 class=\"wp-block-heading\">Combien gagne un \u00e9lectricien ?<\/h3>\n\n\n\n<p>Le salaire d'un \u00e9lectricien peut varier consid\u00e9rablement en fonction de la r\u00e9gion, de l'exp\u00e9rience et de la sp\u00e9cialisation. Toutefois, il est courant de trouver des postes vacants avec un salaire de <strong>salaires de d\u00e9part entre R$2.000 et R$3.000<\/strong>. Avec le temps et une formation plus pouss\u00e9e, cette valeur peut doubler, voire tripler.<\/p>\n\n\n\n<p>Les \u00e9lectriciens ind\u00e9pendants ou sp\u00e9cialis\u00e9s dans les installations r\u00e9sidentielles, commerciales ou industrielles peuvent <strong>gagner entre R$5 000 et R$8 000 par mois<\/strong>en particulier ceux qui travaillent sur des projets, sur la maintenance pr\u00e9ventive et sur l'installation de panneaux solaires.<\/p>\n\n\n\n<p>En outre, les \u00e9lectriciens peuvent \u00eatre ind\u00e9pendants, se constituer leur propre client\u00e8le ou m\u00eame travailler en partenariat avec des entreprises de construction et des entreprises fixes.<\/p>\n\n\n\n<h3 class=\"wp-block-heading\">Faut-il de l'exp\u00e9rience pour devenir \u00e9lectricien ?<\/h3>\n\n\n\n<p>C'est l'un des grands avantages de cette profession : <strong>vous pouvez repartir de z\u00e9ro !<\/strong> De nombreux \u00e9lectriciens ont commenc\u00e9 comme aides ou dans le cadre de cours d'initiation et se sont d\u00e9velopp\u00e9s au fil du temps.<\/p>\n\n\n\n<p>Aujourd'hui, avec l'acc\u00e8s \u00e0 l'internet, il est possible de suivre des cours <strong>totalement gratuit<\/strong> qui enseignent tout, des concepts les plus \u00e9l\u00e9mentaires aux techniques les plus avanc\u00e9es. Et le meilleur : tout cela \u00e0 votre rythme, dans le confort de votre maison et sans frais.<\/p>\n\n\n\n<h3 class=\"wp-block-heading\">Qu'est-ce que j'apprendrai lors d'un cours d'\u00e9lectricien gratuit ?<\/h3>\n\n\n\n<p>Dans un bon cours gratuit d'\u00e9lectricien, vous apprendrez.. :<\/p>\n\n\n\n<ul class=\"wp-block-list\">\n<li>Les bases de l'\u00e9lectricit\u00e9 ;<\/li>\n\n\n\n<li>Types de courant \u00e9lectrique (continu et alternatif) ;<\/li>\n\n\n\n<li>Assemblage et lecture de circuits \u00e9lectriques ;<\/li>\n\n\n\n<li>Installations \u00e9lectriques r\u00e9sidentielles et de b\u00e2timents ;<\/li>\n\n\n\n<li>S\u00e9curit\u00e9 au travail (NR-10) ;<\/li>\n\n\n\n<li>Maintenance pr\u00e9ventive et corrective ;<\/li>\n\n\n\n<li>Et m\u00eame des notions sur l'\u00e9nergie solaire et les syst\u00e8mes photovolta\u00efques.<\/li>\n<\/ul>\n\n\n\n<p>Certains cours proposent \u00e9galement <strong>certificat gratuit<\/strong>Cela peut augmenter consid\u00e9rablement vos chances d'obtenir un emploi formel ou de servir plus de clients en tant qu'ind\u00e9pendant.<\/p>\n\n\n\n<h3 class=\"wp-block-heading\">O\u00f9 puis-je trouver un cours d'\u00e9lectricien gratuit ?<\/h3>\n\n\n\n<p>Aujourd'hui, il existe plusieurs plateformes fiables qui proposent <strong>cours d'\u00e9lectricien en ligne gratuit<\/strong>. Outre les institutions publiques, telles que le SENAI en partenariat avec des programmes gouvernementaux, vous pouvez \u00e9galement trouver d'excellentes options dans les \u00e9tablissements suivants :<\/p>\n\n\n\n<ul class=\"wp-block-list\">\n<li><strong>Plateformes d'apprentissage en ligne<\/strong> (comme edX, Coursera et Udemy en version gratuite) ;<\/li>\n\n\n\n<li><strong>Programmes sociaux et ONG<\/strong> qui offrent une formation professionnelle ;<\/li>\n\n\n\n<li><strong>Sites web sp\u00e9cialis\u00e9s<\/strong> qui proposent du mat\u00e9riel gratuit et des le\u00e7ons vid\u00e9o compl\u00e8tes.<\/li>\n<\/ul>\n\n\n\n<p>Mais il est important de faire un choix judicieux. Tous les cours gratuits ne sont pas de qualit\u00e9. C'est pourquoi <strong>nous avons cr\u00e9\u00e9 une page exclusive<\/strong> toutes les informations dont vous avez besoin pour d\u00e9marrer en toute s\u00e9curit\u00e9 et avec un cours de qualit\u00e9. Le lien se trouve au bas de cette page.<\/p>\n\n\n\n<h3 class=\"wp-block-heading\">Pourquoi suivre ce cours maintenant ?<\/h3>\n\n\n\n<p>Le march\u00e9 est en pleine effervescence, et le plus t\u00f4t vous vous entra\u00eenez, le mieux c'est, <strong>vous pouvez commencer \u00e0 travailler et \u00e0 gagner de l'argent plus rapidement<\/strong>. La profession d'\u00e9lectricien ne n\u00e9cessite pas de dipl\u00f4me d'\u00e9tudes sup\u00e9rieures et offre <strong>revenu sup\u00e9rieur \u00e0 la moyenne nationale<\/strong>m\u00eame pour ceux qui d\u00e9butent.<\/p>\n\n\n\n<p>De plus, il s'agit d'un domaine o\u00f9 les <strong>le travail ne manque pas<\/strong>. Chaque nouveau b\u00e2timent, magasin ou maison qui voit le jour n\u00e9cessite l'intervention d'un \u00e9lectricien. Sans parler des services de maintenance, qui sont fr\u00e9quents et souvent urgents - ce qui signifie qu'ils sont bien r\u00e9mun\u00e9r\u00e9s.<\/p>\n\n\n\n<p>Un autre point important est qu'avec le certificat en main, vous pouvez m\u00eame ouvrir une IME (micro-entrepreneur individuel), \u00e9mettre des factures et \u00e9largir vos possibilit\u00e9s d'emploi.<\/p>\n\n\n\n<h3 class=\"wp-block-heading\">T\u00e9moignages de ceux qui ont d\u00e9j\u00e0 commenc\u00e9<\/h3>\n\n\n\n<blockquote class=\"wp-block-quote is-layout-flow wp-block-quote-is-layout-flow\">\n<p>\"J'\u00e9tais aide-ma\u00e7on, j'ai suivi un cours d'\u00e9lectricien gratuit en ligne et aujourd'hui, je gagne plus de 5 000 euros par mois rien qu'en installant des appartements. Cela a chang\u00e9 ma vie ! - <strong>Marcos, 34 ans - Fortaleza\/CE<\/strong><\/p>\n<\/blockquote>\n\n\n\n<blockquote class=\"wp-block-quote is-layout-flow wp-block-quote-is-layout-flow\">\n<p>\"J'ai suivi le cours par curiosit\u00e9 et aujourd'hui j'ai ma propre client\u00e8le. Je fais des services r\u00e9sidentiels et je commence d\u00e9j\u00e0 \u00e0 travailler avec l'\u00e9nergie solaire. Cela vaut vraiment la peine ! - <strong>Tatiane, 29 ans - Campinas\/SP<\/strong><\/p>\n<\/blockquote>\n\n\n\n<h3 class=\"wp-block-heading\">C'est peut-\u00eatre l'occasion de changer de vie<\/h3>\n\n\n\n<p>Que vous soyez au ch\u00f4mage, insatisfait de ce que vous gagnez aujourd'hui ou que vous souhaitiez simplement apprendre une nouvelle profession prometteuse, <strong>n'ignorez pas cette opportunit\u00e9<\/strong>.<\/p>\n\n\n\n<p>Le cours est gratuit, 100% en ligne, et vous pouvez commencer d\u00e8s aujourd'hui. Vous n'avez pas besoin de quitter votre domicile, vous n'avez rien \u00e0 payer et vous n'avez pas besoin d'exp\u00e9rience.<\/p>\n\n\n\n<p>Tout ce dont vous avez besoin, c'est de la volont\u00e9 d'apprendre, de suivre les \u00e9tapes et de vous y consacrer.<\/p>","protected":false},"excerpt":{"rendered":"<p>Cours gratuit d'\u00e9lectricien : Apprenez la profession qui rapporte jusqu'\u00e0 R$8,000\/mois Et si je vous disais que vous pouvez apprendre TOUT ce dont vous avez besoin pour devenir \u00e9lectricien ?<\/p>","protected":false},"author":1,"featured_media":0,"parent":0,"menu_order":0,"comment_status":"closed","ping_status":"closed","template":"","meta":{"footnotes":""},"class_list":["post-288160","page","type-page","status-publish","hentry"],"_links":{"self":[{"href":"https:\/\/ip1blog.com\/fr\/wp-json\/wp\/v2\/pages\/288160","targetHints":{"allow":["GET"]}}],"collection":[{"href":"https:\/\/ip1blog.com\/fr\/wp-json\/wp\/v2\/pages"}],"about":[{"href":"https:\/\/ip1blog.com\/fr\/wp-json\/wp\/v2\/types\/page"}],"author":[{"embeddable":true,"href":"https:\/\/ip1blog.com\/fr\/wp-json\/wp\/v2\/users\/1"}],"replies":[{"embeddable":true,"href":"https:\/\/ip1blog.com\/fr\/wp-json\/wp\/v2\/comments?post=288160"}],"version-history":[{"count":15,"href":"https:\/\/ip1blog.com\/fr\/wp-json\/wp\/v2\/pages\/288160\/revisions"}],"predecessor-version":[{"id":288211,"href":"https:\/\/ip1blog.com\/fr\/wp-json\/wp\/v2\/pages\/288160\/revisions\/288211"}],"wp:attachment":[{"href":"https:\/\/ip1blog.com\/fr\/wp-json\/wp\/v2\/media?parent=288160"}],"curies":[{"name":"wp","href":"https:\/\/api.w.org\/{rel}","templated":true}]}}