{"id":287927,"date":"2024-09-30T21:08:36","date_gmt":"2024-10-01T00:08:36","guid":{"rendered":"https:\/\/ip1blog.com\/?page_id=287927"},"modified":"2024-11-23T11:00:56","modified_gmt":"2024-11-23T14:00:56","slug":"aplicativo-para-baixar-musicas-mp3-gratis","status":"publish","type":"page","link":"https:\/\/ip1blog.com\/fr\/telechargeur-de-musique-mp3-gratuit\/","title":{"rendered":"Application gratuite de t\u00e9l\u00e9chargement de musique MP3"},"content":{"rendered":"<h2>Application gratuite de t\u00e9l\u00e9chargement de musique MP3<\/h2>\n<p>Nous avons cr\u00e9\u00e9 un manuel pour vous aider \u00e0 trouver une <strong>application permettant d'\u00e9couter et de t\u00e9l\u00e9charger de la musique MP3<\/strong> sur votre t\u00e9l\u00e9phone portable. Profitez de vos morceaux pr\u00e9f\u00e9r\u00e9s directement depuis votre appareil mobile. Les meilleurs<strong> applications de streaming musical<\/strong>.<\/p>\n<h2>VOUS SOUHAITEZ T\u00c9L\u00c9CHARGER DE LA MUSIQUE SUR VOTRE T\u00c9L\u00c9PHONE PORTABLE ?<\/h2>\n<p>\t\t\t<a href=\"https:\/\/ip1blog.com\/fr\/post\/ecouter-et-telecharger-de-la-musique-sur-mobile-gratuitement\/\"><br \/>\n\t\t\t\t\t\t\t\t\tOUI<br \/>\n\t\t\t\t\t<\/a><br \/>\n\t\t\t<a href=\"https:\/\/ip1blog.com\/fr\/post\/ecouter-et-telecharger-de-la-musique-sur-mobile-gratuitement\/\"><br \/>\n\t\t\t\t\t\t\t\t\tNON<br \/>\n\t\t\t\t\t<\/a><\/p>\n<h2>Vous resterez sur ce site<\/h2>\n<p>\t\t\t<!-- Event snippet for PAGEVIEW - AGORA NOT\u00cdCIAS conversion page --><\/p>\n<h1>Applications pour t\u00e9l\u00e9charger et \u00e9couter de la musique sur votre t\u00e9l\u00e9phone portable<\/h1>\n<p>La musique est sans aucun doute l'une des formes d'art les plus appr\u00e9ci\u00e9es et les plus consomm\u00e9es au monde. Elle a le pouvoir de nous transporter dans des lieux diff\u00e9rents, de r\u00e9veiller des souvenirs et des \u00e9motions intenses et de marquer des moments particuliers de notre vie. Avec les progr\u00e8s de la technologie, la fa\u00e7on dont nous consommons la musique a chang\u00e9 de fa\u00e7on spectaculaire. Aujourd'hui, les applications permettant de t\u00e9l\u00e9charger et d'\u00e9couter de la musique sur les t\u00e9l\u00e9phones portables jouent un r\u00f4le essentiel dans cette transformation.<\/p>\n<h3>Une br\u00e8ve histoire de la musique mobile<\/h3>\n<p>Avant de parler des applications, il est int\u00e9ressant de comprendre comment nous en sommes arriv\u00e9s l\u00e0. Il y a quelques d\u00e9cennies, il \u00e9tait impensable de transporter de la musique dans sa poche. Les appareils tels que les baladeurs et les discmans, bien qu'innovants, avaient des limites, notamment en termes de capacit\u00e9 de stockage et de portabilit\u00e9.<\/p>\n<p>Avec l'arriv\u00e9e des lecteurs MP3 tels que l'iPod, la r\u00e9volution musicale a fait un grand pas en avant. Il \u00e9tait possible de stocker des milliers de chansons sur un seul appareil, ce qui rendait l'\u00e9coute de la musique plus personnelle et plus pratique.<\/p>\n<p>Mais c'est avec l'arriv\u00e9e des smartphones que la v\u00e9ritable r\u00e9volution a eu lieu. Ces appareils permettent non seulement de stocker de la musique, mais aussi d'acc\u00e9der \u00e0 l'internet, ce qui permet de t\u00e9l\u00e9charger et d'\u00e9couter de la musique instantan\u00e9ment.<\/p>\n<h3>L'\u00e8re des applications musicales<\/h3>\n<p>Les applications musicales ont r\u00e9volutionn\u00e9 la fa\u00e7on dont nous interagissons avec nos morceaux pr\u00e9f\u00e9r\u00e9s. Voici quelques-uns de leurs principaux avantages :<\/p>\n<ul>\n<li><strong>Facilit\u00e9 d'acc\u00e8s<\/strong>En quelques clics, vous pouvez trouver la chanson, l'artiste ou l'album que vous souhaitez \u00e9couter.<\/li>\n<li><strong>D\u00e9couvrir de nouveaux artistes<\/strong>De nombreuses applications utilisent des algorithmes qui analysent vos pr\u00e9f\u00e9rences et vous sugg\u00e8rent de nouvelles chansons et de nouveaux artistes en fonction de ce que vous aimez d\u00e9j\u00e0.<\/li>\n<li><strong>Personnalisation<\/strong>Des listes de lecture personnalis\u00e9es, des stations de radio th\u00e9matiques et des recommandations rendent l'exp\u00e9rience musicale unique pour chaque utilisateur.<\/li>\n<li><strong>Qualit\u00e9 audio<\/strong>Certaines applications permettent de r\u00e9gler la qualit\u00e9 audio en fonction de la connexion ou des pr\u00e9f\u00e9rences de l'utilisateur.<\/li>\n<li><strong>Connexion \u00e0 d'autres appareils<\/strong>De nombreuses applications se connectent \u00e0 d'autres appareils, tels que des haut-parleurs intelligents, offrant ainsi une exp\u00e9rience plus immersive.<\/li>\n<\/ul>\n<h3>Facteurs \u00e0 prendre en compte lors du choix d'une application<\/h3>\n<p>Lorsque vous choisissez une application pour t\u00e9l\u00e9charger et \u00e9couter de la musique, il est important de prendre en compte certains points :<\/p>\n<ul>\n<li><strong>Co\u00fbt<\/strong>Les applications gratuites : Certaines applications sont gratuites, mais peuvent contenir des publicit\u00e9s ou avoir des limitations. D'autres proposent des formules payantes avec plus de fonctionnalit\u00e9s et sans interruption.<\/li>\n<li><strong>Biblioth\u00e8que musicale<\/strong>Les applications n'ont pas toutes la m\u00eame musique. En fonction de vos go\u00fbts musicaux, l'une d'entre elles peut \u00eatre plus adapt\u00e9e qu'une autre.<\/li>\n<li><strong>Interface et facilit\u00e9 d'utilisation<\/strong>La facilit\u00e9 d'utilisation est essentielle. Une interface confuse peut compromettre votre exp\u00e9rience.<\/li>\n<li><strong>Hors ligne et en ligne<\/strong>Certaines applications vous permettent de t\u00e9l\u00e9charger de la musique pour l'\u00e9couter hors ligne, ce qui est utile dans les endroits o\u00f9 l'acc\u00e8s \u00e0 l'internet est limit\u00e9 ou pour \u00e9conomiser des donn\u00e9es mobiles.<\/li>\n<\/ul>\n<h3>L'impact de la diffusion en continu<\/h3>\n<p>La diffusion en continu a compl\u00e8tement modifi\u00e9 le march\u00e9 de la musique. Au lieu d'acheter et de stocker la musique individuellement, les utilisateurs paient un abonnement mensuel (ou utilisent des versions avec publicit\u00e9) pour acc\u00e9der \u00e0 de vastes biblioth\u00e8ques musicales. La musique est ainsi devenue plus accessible et plus diversifi\u00e9e que jamais.<\/p>\n<p>Cependant, avec le grand nombre d'applications disponibles, il peut \u00eatre difficile de choisir la meilleure. Chacune d'entre elles poss\u00e8de ses propres atouts, ses propres caract\u00e9ristiques et ses propres centres d'int\u00e9r\u00eat.<\/p>\n<p>\u00a0<\/p>\n<p>Les applications permettant de t\u00e9l\u00e9charger et d'\u00e9couter de la musique sur les t\u00e9l\u00e9phones portables ont transform\u00e9 l'industrie musicale, la rendant plus accessible, plus personnalis\u00e9e et plus vari\u00e9e. Bien que cet article n'ait pas explor\u00e9 les applications en d\u00e9tail, ne vous inqui\u00e9tez pas !<\/p>\n<p>Si vous souhaitez conna\u00eetre les meilleures options disponibles, ainsi que des conseils sur la mani\u00e8re de t\u00e9l\u00e9charger et d'explorer chacune d'entre elles, nous avons ce qu'il vous faut. Consultez notre article compl\u00e9mentaire, dans lequel nous analysons les principales options disponibles sur le march\u00e9 et vous proposons un guide \u00e9tape par \u00e9tape pour vous aider \u00e0 d\u00e9marrer votre voyage musical. Cliquez sur le lien ci-dessous et poursuivez votre aventure musicale avec nous !<\/p>\n<p>\t\t\t<a href=\"https:\/\/ip1blog.com\/fr\/post\/ecouter-et-telecharger-de-la-musique-sur-mobile-gratuitement\/\"><br \/>\n\t\t\t\t\t\t\t\t\tCOMMENT T\u00c9L\u00c9CHARGER L&#039;APPLICATION<br \/>\n\t\t\t\t\t<\/a><\/p>\n<h2>Vous resterez sur ce site<\/h2>","protected":false},"excerpt":{"rendered":"<p>Application pour t\u00e9l\u00e9charger de la musique MP3 gratuite Nous avons cr\u00e9\u00e9 un manuel pour vous aider \u00e0 trouver une application pour \u00e9couter et t\u00e9l\u00e9charger de la musique MP3 sur votre t\u00e9l\u00e9phone portable....<\/p>","protected":false},"author":1,"featured_media":0,"parent":0,"menu_order":0,"comment_status":"closed","ping_status":"closed","template":"elementor_header_footer","meta":{"footnotes":""},"class_list":["post-287927","page","type-page","status-publish","hentry"],"_links":{"self":[{"href":"https:\/\/ip1blog.com\/fr\/wp-json\/wp\/v2\/pages\/287927","targetHints":{"allow":["GET"]}}],"collection":[{"href":"https:\/\/ip1blog.com\/fr\/wp-json\/wp\/v2\/pages"}],"about":[{"href":"https:\/\/ip1blog.com\/fr\/wp-json\/wp\/v2\/types\/page"}],"author":[{"embeddable":true,"href":"https:\/\/ip1blog.com\/fr\/wp-json\/wp\/v2\/users\/1"}],"replies":[{"embeddable":true,"href":"https:\/\/ip1blog.com\/fr\/wp-json\/wp\/v2\/comments?post=287927"}],"version-history":[{"count":10,"href":"https:\/\/ip1blog.com\/fr\/wp-json\/wp\/v2\/pages\/287927\/revisions"}],"predecessor-version":[{"id":287949,"href":"https:\/\/ip1blog.com\/fr\/wp-json\/wp\/v2\/pages\/287927\/revisions\/287949"}],"wp:attachment":[{"href":"https:\/\/ip1blog.com\/fr\/wp-json\/wp\/v2\/media?parent=287927"}],"curies":[{"name":"wp","href":"https:\/\/api.w.org\/{rel}","templated":true}]}}