{"id":26,"date":"2023-08-19T18:20:00","date_gmt":"2023-08-19T18:20:00","guid":{"rendered":"https:\/\/casacelular.com.br\/?page_id=26"},"modified":"2024-07-12T12:15:18","modified_gmt":"2024-07-12T15:15:18","slug":"contact-us","status":"publish","type":"page","link":"https:\/\/ip1blog.com\/fr\/contactez-nous\/","title":{"rendered":"Contactez-nous"},"content":{"rendered":"<p>Nous sommes toujours ravis d'entrer en contact avec nos lecteurs et nos partenaires. Que vous souhaitiez nous faire part de vos r\u00e9actions, de vos questions ou de vos suggestions, voici comment vous pouvez nous contacter :<\/p>\n\n\n\n<h3 class=\"wp-block-heading\">Envoyez-nous un e-mail<\/h3>\n\n\n\n<p>Pour toute question d'ordre g\u00e9n\u00e9ral, assistance ou retour d'information, veuillez envoyer un courriel \u00e0 <a>help@izzotodigital.com.br<\/a>. Nous nous effor\u00e7ons de r\u00e9pondre \u00e0 tous les courriels dans les 24-48 heures.<\/p>\n\n\n\n<h3 class=\"wp-block-heading\">Suivez-nous sur les m\u00e9dias sociaux<\/h3>\n\n\n\n<p>Restez inform\u00e9 et interagissez avec nous via nos plateformes de m\u00e9dias sociaux :<\/p>\n\n\n\n<p><strong>Twitter :<\/strong> @ip1blog<\/p>\n\n\n\n<p><strong>Instagram :<\/strong> @ip1blog<\/p>\n\n\n\n<p><strong>Facebook :<\/strong> @ip1blog<\/p>\n\n\n\n<h3 class=\"wp-block-heading\">Visitez-nous<\/h3>\n\n\n\n<p>Bien que nous soyons avant tout une plateforme en ligne, vous pouvez \u00e9galement nous trouver dans notre bureau administratif \u00e0 S\u00e3o Paulo :<\/p>\n\n\n\n<p><strong>Blog IP1<\/strong><\/p>\n\n\n\n<p>S\u00e3o Paulo, SP<\/p>\n\n\n\n<p>Br\u00e9sil<\/p>\n\n\n\n<p>Nous sommes impatients de vous entendre et d'am\u00e9liorer votre parcours automobile. Prenez contact avec nous d\u00e8s aujourd'hui et faisons avancer la conversation !<\/p>","protected":false},"excerpt":{"rendered":"<p>Nous sommes toujours d\u00e9sireux d'entrer en contact avec nos lecteurs et nos partenaires. Que vous souhaitiez nous faire part de vos r\u00e9actions, de vos questions ou de vos suggestions, voici comment vous pouvez nous contacter...<\/p>","protected":false},"author":1,"featured_media":0,"parent":0,"menu_order":0,"comment_status":"closed","ping_status":"closed","template":"","meta":{"footnotes":""},"class_list":["post-26","page","type-page","status-publish","hentry"],"_links":{"self":[{"href":"https:\/\/ip1blog.com\/fr\/wp-json\/wp\/v2\/pages\/26","targetHints":{"allow":["GET"]}}],"collection":[{"href":"https:\/\/ip1blog.com\/fr\/wp-json\/wp\/v2\/pages"}],"about":[{"href":"https:\/\/ip1blog.com\/fr\/wp-json\/wp\/v2\/types\/page"}],"author":[{"embeddable":true,"href":"https:\/\/ip1blog.com\/fr\/wp-json\/wp\/v2\/users\/1"}],"replies":[{"embeddable":true,"href":"https:\/\/ip1blog.com\/fr\/wp-json\/wp\/v2\/comments?post=26"}],"version-history":[{"count":2,"href":"https:\/\/ip1blog.com\/fr\/wp-json\/wp\/v2\/pages\/26\/revisions"}],"predecessor-version":[{"id":287788,"href":"https:\/\/ip1blog.com\/fr\/wp-json\/wp\/v2\/pages\/26\/revisions\/287788"}],"wp:attachment":[{"href":"https:\/\/ip1blog.com\/fr\/wp-json\/wp\/v2\/media?parent=26"}],"curies":[{"name":"wp","href":"https:\/\/api.w.org\/{rel}","templated":true}]}}