{"id":22,"date":"2023-08-19T18:19:11","date_gmt":"2023-08-19T18:19:11","guid":{"rendered":"https:\/\/casacelular.com.br\/?page_id=22"},"modified":"2024-07-12T12:26:04","modified_gmt":"2024-07-12T15:26:04","slug":"about-us","status":"publish","type":"page","link":"https:\/\/ip1blog.com\/fr\/a-propos-de-nous\/","title":{"rendered":"\u00c0 propos de nous"},"content":{"rendered":"<p>Bienvenue sur le blog de l'IP1 !<\/p>\n\n\n\n<p>Chez IP1 Blog, notre mission est de vous apporter les meilleures informations et conseils sur les applications mobiles, les finances personnelles, les opportunit\u00e9s d'emploi et les derni\u00e8res nouvelles en g\u00e9n\u00e9ral. Nous voulons \u00eatre votre source fiable de connaissances et d'inspiration pour vous aider \u00e0 tirer le meilleur parti de la technologie, \u00e0 mieux g\u00e9rer vos finances, \u00e0 trouver les meilleures opportunit\u00e9s de carri\u00e8re et \u00e0 rester inform\u00e9 des \u00e9v\u00e9nements les plus importants.<\/p>\n\n\n\n<h3 class=\"wp-block-heading\">Nos principaux th\u00e8mes<\/h3>\n\n\n\n<p><strong>Applications mobiles<\/strong><\/p>\n\n\n\n<p>Nous explorons et analysons les meilleures applications disponibles sur le march\u00e9 pour une vari\u00e9t\u00e9 d'objectifs - de la productivit\u00e9 au divertissement en passant par la sant\u00e9 et le bien-\u00eatre. Notre objectif est de vous aider \u00e0 d\u00e9couvrir des outils utiles qui peuvent faciliter et enrichir votre vie quotidienne.<\/p>\n\n\n\n<p><strong>Finances personnelles<\/strong><\/p>\n\n\n\n<p>Nous offrons des conseils pratiques et des strat\u00e9gies pour am\u00e9liorer votre sant\u00e9 financi\u00e8re. Des conseils en mati\u00e8re d'\u00e9pargne et d'investissement \u00e0 la planification financi\u00e8re et \u00e0 l'\u00e9tablissement d'un budget personnel, nous sommes l\u00e0 pour vous guider vers un avenir financier plus s\u00fbr et plus stable.<\/p>\n\n\n\n<p><strong>Offres d'emploi<\/strong><\/p>\n\n\n\n<p>Nous savons qu'il peut \u00eatre difficile de trouver le bon emploi. C'est pourquoi nous avons rassembl\u00e9 des conseils de carri\u00e8re, des conseils sur la fa\u00e7on de pr\u00e9parer un CV efficace, des conseils pour les entretiens d'embauche et les meilleures opportunit\u00e9s disponibles sur le march\u00e9 du travail.<\/p>\n\n\n\n<p><strong>Actualit\u00e9s g\u00e9n\u00e9rales<\/strong><\/p>\n\n\n\n<p>Tenez-vous au courant des derni\u00e8res nouvelles et des \u00e9v\u00e9nements importants dans le monde. Notre \u00e9quipe s'efforce de vous fournir des informations pr\u00e9cises et pertinentes afin que vous soyez toujours bien inform\u00e9.<\/p>\n\n\n\n<h3 class=\"wp-block-heading\">Notre mission<\/h3>\n\n\n\n<p>Nous pensons que l'information est puissante et qu'en la partageant d'une mani\u00e8re accessible et compr\u00e9hensible, nous pouvons donner \u00e0 nos lecteurs les moyens de prendre des d\u00e9cisions \u00e9clair\u00e9es et d'am\u00e9liorer leur vie. Nous nous engageons \u00e0 offrir un contenu de qualit\u00e9, actualis\u00e9 et pertinent pour r\u00e9pondre \u00e0 vos besoins et \u00e0 vos int\u00e9r\u00eats.<\/p>\n\n\n\n<h3 class=\"wp-block-heading\">Contactez-nous<\/h3>\n\n\n\n<p>Nous aimons \u00eatre en contact avec nos lecteurs et nos partenaires ! Si vous avez des suggestions, des questions ou des commentaires, n'h\u00e9sitez pas \u00e0 nous contacter. Nous sommes l\u00e0 pour vous \u00e9couter et vous aider de toutes les mani\u00e8res possibles.<\/p>\n\n\n\n<ul class=\"wp-block-list\">\n<li><strong>Courriel :<\/strong> <a>help@izzotodigital.com.br<\/a><\/li>\n\n\n\n<li><strong>Twitter :<\/strong> @ip1blog<\/li>\n\n\n\n<li><strong>Instagram :<\/strong> @ip1blog<\/li>\n\n\n\n<li><strong>Facebook :<\/strong> @ip1blog<\/li>\n<\/ul>\n\n\n\n<h3 class=\"wp-block-heading\">Rejoignez-nous<\/h3>\n\n\n\n<p>Suivez-nous sur les m\u00e9dias sociaux pour vous tenir au courant des derni\u00e8res nouvelles, des conseils exclusifs et bien plus encore. Nous nous r\u00e9jouissons de construire avec vous une communaut\u00e9 engag\u00e9e et inform\u00e9e.<\/p>\n\n\n\n<p>Merci beaucoup d'avoir visit\u00e9 le blog de l'IP1 ! Nous esp\u00e9rons que vous appr\u00e9ciez notre contenu et qu'il changera votre vie. Explorons ensemble le monde des applications, de la finance, de l'emploi et de l'actualit\u00e9 !<\/p>","protected":false},"excerpt":{"rendered":"<p>Bienvenue sur le blog IP1 ! Chez IP1 Blog, notre mission est de vous apporter les meilleures informations et conseils sur les applications mobiles, les finances personnelles, les opportunit\u00e9s d'emploi...<\/p>","protected":false},"author":1,"featured_media":0,"parent":0,"menu_order":0,"comment_status":"closed","ping_status":"closed","template":"","meta":{"footnotes":""},"class_list":["post-22","page","type-page","status-publish","hentry"],"_links":{"self":[{"href":"https:\/\/ip1blog.com\/fr\/wp-json\/wp\/v2\/pages\/22","targetHints":{"allow":["GET"]}}],"collection":[{"href":"https:\/\/ip1blog.com\/fr\/wp-json\/wp\/v2\/pages"}],"about":[{"href":"https:\/\/ip1blog.com\/fr\/wp-json\/wp\/v2\/types\/page"}],"author":[{"embeddable":true,"href":"https:\/\/ip1blog.com\/fr\/wp-json\/wp\/v2\/users\/1"}],"replies":[{"embeddable":true,"href":"https:\/\/ip1blog.com\/fr\/wp-json\/wp\/v2\/comments?post=22"}],"version-history":[{"count":1,"href":"https:\/\/ip1blog.com\/fr\/wp-json\/wp\/v2\/pages\/22\/revisions"}],"predecessor-version":[{"id":287794,"href":"https:\/\/ip1blog.com\/fr\/wp-json\/wp\/v2\/pages\/22\/revisions\/287794"}],"wp:attachment":[{"href":"https:\/\/ip1blog.com\/fr\/wp-json\/wp\/v2\/media?parent=22"}],"curies":[{"name":"wp","href":"https:\/\/api.w.org\/{rel}","templated":true}]}}