{"id":287927,"date":"2024-09-30T21:08:36","date_gmt":"2024-10-01T00:08:36","guid":{"rendered":"https:\/\/ip1blog.com\/?page_id=287927"},"modified":"2024-11-23T11:00:56","modified_gmt":"2024-11-23T14:00:56","slug":"aplicativo-para-baixar-musicas-mp3-gratis","status":"publish","type":"page","link":"https:\/\/ip1blog.com\/es\/aplicacion-para-descargar-musica-mp3-gratis\/","title":{"rendered":"Aplicaci\u00f3n para Descargar M\u00fasica MP3 Gratis"},"content":{"rendered":"<h2>Aplicaci\u00f3n para Descargar M\u00fasica MP3 Gratis<\/h2>\n<p>Hemos creado un manual para ayudarle a encontrar un <strong>aplicaci\u00f3n para escuchar y descargar m\u00fasica en MP3<\/strong> en tu m\u00f3vil. Disfruta de tus canciones favoritas directamente desde tu dispositivo m\u00f3vil. Lo mejor<strong> aplicaciones de streaming de m\u00fasica<\/strong>.<\/p>\n<h2>\u00bfQUIERES DESCARGAR M\u00daSICA EN TU CELULAR?<\/h2>\n<p>\t\t\t<a href=\"https:\/\/ip1blog.com\/es\/post\/app-to-listen-and-download-music-on-mobile-for-free\/\"><br \/>\n\t\t\t\t\t\t\t\t\tS\u00cd<br \/>\n\t\t\t\t\t<\/a><br \/>\n\t\t\t<a href=\"https:\/\/ip1blog.com\/es\/post\/app-to-listen-and-download-music-on-mobile-for-free\/\"><br \/>\n\t\t\t\t\t\t\t\t\tNO<br \/>\n\t\t\t\t\t<\/a><\/p>\n<h2>Permanecer\u00e1s en este sitio<\/h2>\n<p>\t\t\t<!-- Event snippet for PAGEVIEW - AGORA NOT\u00cdCIAS conversion page --><\/p>\n<h1>Aplicaciones para descargar y escuchar m\u00fasica en el m\u00f3vil<\/h1>\n<p>La m\u00fasica es sin duda una de las formas de arte m\u00e1s apreciadas y consumidas del mundo. Tiene el poder de transportarnos a diferentes lugares, despertar intensos recuerdos y emociones, y marcar momentos especiales de nuestras vidas. Con el avance de la tecnolog\u00eda, la forma de consumir m\u00fasica ha cambiado radicalmente. Hoy, las aplicaciones para descargar y escuchar m\u00fasica en el m\u00f3vil desempe\u00f1an un papel esencial en esta transformaci\u00f3n.<\/p>\n<h3>Breve historia de la m\u00fasica m\u00f3vil<\/h3>\n<p>Antes de hablar de las aplicaciones, es interesante entender c\u00f3mo hemos llegado a este punto. Hace unas d\u00e9cadas, llevar m\u00fasica en el bolsillo era impensable. Dispositivos como walkmans y discmans, aunque innovadores, ten\u00edan limitaciones, sobre todo en cuanto a capacidad de almacenamiento y portabilidad.<\/p>\n<p>Con la llegada de reproductores MP3 como el iPod, la revoluci\u00f3n musical dio un gran paso adelante. Era posible almacenar miles de canciones en un solo dispositivo, haciendo m\u00e1s personal y pr\u00e1ctica la experiencia de escuchar m\u00fasica.<\/p>\n<p>Sin embargo, fue con la llegada de los smartphones cuando se produjo la verdadera revoluci\u00f3n. Estos dispositivos no s\u00f3lo almacenan m\u00fasica, sino que tambi\u00e9n permiten acceder a Internet, lo que hace posible descargar y escuchar m\u00fasica al instante.<\/p>\n<h3>La era de las aplicaciones musicales<\/h3>\n<p>Las aplicaciones musicales han revolucionado nuestra forma de interactuar con nuestras canciones favoritas. Estas son algunas de sus principales ventajas:<\/p>\n<ul>\n<li><strong>Facilidad de acceso<\/strong>Con unos pocos clics, puedes encontrar cualquier canci\u00f3n, artista o \u00e1lbum que quieras escuchar.<\/li>\n<li><strong>Descubrir nuevos artistas<\/strong>Muchas aplicaciones utilizan algoritmos que analizan tus preferencias y te sugieren nuevas canciones y artistas bas\u00e1ndose en lo que ya te gusta.<\/li>\n<li><strong>Personalizaci\u00f3n<\/strong>Las listas de reproducci\u00f3n personalizadas, las emisoras de radio tem\u00e1ticas y las recomendaciones hacen que la experiencia musical sea \u00fanica para cada usuario.<\/li>\n<li><strong>Calidad de audio<\/strong>Algunas aplicaciones permiten ajustar la calidad del audio en funci\u00f3n de la conexi\u00f3n o de las preferencias del usuario.<\/li>\n<li><strong>Conexi\u00f3n a otros dispositivos<\/strong>Muchas aplicaciones se conectan a otros dispositivos, como altavoces inteligentes, proporcionando una experiencia m\u00e1s envolvente.<\/li>\n<\/ul>\n<h3>Factores a tener en cuenta al elegir una aplicaci\u00f3n<\/h3>\n<p>A la hora de elegir una aplicaci\u00f3n para descargar y escuchar m\u00fasica, es importante tener en cuenta algunos puntos:<\/p>\n<ul>\n<li><strong>Coste<\/strong>Algunas aplicaciones son gratuitas, pero pueden contener anuncios o tener limitaciones. Otras ofrecen planes de pago con m\u00e1s funciones y sin interrupciones.<\/li>\n<li><strong>Biblioteca musical<\/strong>M\u00fasica: no todas las aplicaciones tienen la misma m\u00fasica. Dependiendo de tus gustos musicales, una puede ser m\u00e1s adecuada que otra.<\/li>\n<li><strong>Interfaz y usabilidad<\/strong>La facilidad de uso es esencial. Una interfaz confusa puede poner en peligro tu experiencia.<\/li>\n<li><strong>Offline vs. Online<\/strong>Algunas aplicaciones permiten descargar m\u00fasica para escucharla sin conexi\u00f3n, lo que resulta \u00fatil en lugares con Internet limitado o para ahorrar datos m\u00f3viles.<\/li>\n<\/ul>\n<h3>El impacto del streaming<\/h3>\n<p>El streaming ha cambiado por completo el mercado de la m\u00fasica. En lugar de comprar y almacenar m\u00fasica individualmente, los usuarios pagan una suscripci\u00f3n mensual (o utilizan versiones con anuncios) para acceder a vastas bibliotecas musicales. Esto ha hecho que la m\u00fasica sea m\u00e1s accesible y diversa que nunca.<\/p>\n<p>Sin embargo, con tantas aplicaciones disponibles, puede resultar dif\u00edcil elegir la mejor. Cada una tiene sus propios puntos fuertes, caracter\u00edsticas \u00fanicas y enfoques diferentes.<\/p>\n<p>\u00a0<\/p>\n<p>Las aplicaciones para descargar y escuchar m\u00fasica en el m\u00f3vil han transformado la industria musical, haci\u00e9ndola m\u00e1s accesible, personalizada y variada. Aunque en este art\u00edculo no se ha profundizado en las aplicaciones, \u00a1no se preocupe!<\/p>\n<p>Si quieres conocer las mejores opciones disponibles, as\u00ed como consejos sobre c\u00f3mo descargar y explorar cada una de ellas, tenemos justo lo que necesitas. Echa un vistazo a nuestro art\u00edculo complementario, donde analizamos las principales opciones del mercado y te ofrecemos una gu\u00eda paso a paso para que comiences tu viaje musical. Haz clic en el siguiente enlace y contin\u00faa tu aventura musical con nosotros.<\/p>\n<p>\t\t\t<a href=\"https:\/\/ip1blog.com\/es\/post\/app-to-listen-and-download-music-on-mobile-for-free\/\"><br \/>\n\t\t\t\t\t\t\t\t\tC\u00d3MO DESCARGAR LA APLICACI\u00d3N<br \/>\n\t\t\t\t\t<\/a><\/p>\n<h2>Permanecer\u00e1s en este sitio<\/h2>","protected":false},"excerpt":{"rendered":"<p>Aplicaci\u00f3n para descargar m\u00fasica MP3 gratis Hemos creado un manual para ayudarte a encontrar una aplicaci\u00f3n para escuchar y descargar m\u00fasica MP3 en tu tel\u00e9fono m\u00f3vil....<\/p>","protected":false},"author":1,"featured_media":0,"parent":0,"menu_order":0,"comment_status":"closed","ping_status":"closed","template":"elementor_header_footer","meta":{"footnotes":""},"class_list":["post-287927","page","type-page","status-publish","hentry"],"_links":{"self":[{"href":"https:\/\/ip1blog.com\/es\/wp-json\/wp\/v2\/pages\/287927","targetHints":{"allow":["GET"]}}],"collection":[{"href":"https:\/\/ip1blog.com\/es\/wp-json\/wp\/v2\/pages"}],"about":[{"href":"https:\/\/ip1blog.com\/es\/wp-json\/wp\/v2\/types\/page"}],"author":[{"embeddable":true,"href":"https:\/\/ip1blog.com\/es\/wp-json\/wp\/v2\/users\/1"}],"replies":[{"embeddable":true,"href":"https:\/\/ip1blog.com\/es\/wp-json\/wp\/v2\/comments?post=287927"}],"version-history":[{"count":10,"href":"https:\/\/ip1blog.com\/es\/wp-json\/wp\/v2\/pages\/287927\/revisions"}],"predecessor-version":[{"id":287949,"href":"https:\/\/ip1blog.com\/es\/wp-json\/wp\/v2\/pages\/287927\/revisions\/287949"}],"wp:attachment":[{"href":"https:\/\/ip1blog.com\/es\/wp-json\/wp\/v2\/media?parent=287927"}],"curies":[{"name":"wp","href":"https:\/\/api.w.org\/{rel}","templated":true}]}}