{"id":26,"date":"2023-08-19T18:20:00","date_gmt":"2023-08-19T18:20:00","guid":{"rendered":"https:\/\/casacelular.com.br\/?page_id=26"},"modified":"2024-07-12T12:15:18","modified_gmt":"2024-07-12T15:15:18","slug":"contact-us","status":"publish","type":"page","link":"https:\/\/ip1blog.com\/es\/contactenos\/","title":{"rendered":"Cont\u00e1ctenos"},"content":{"rendered":"<p>Siempre estamos dispuestos a conectar con nuestros lectores y socios. Si desea hacernos llegar sus comentarios, preguntas o sugerencias, aqu\u00ed tiene c\u00f3mo ponerse en contacto con nosotros:<\/p>\n\n\n\n<h3 class=\"wp-block-heading\">Env\u00edenos un e-mail<\/h3>\n\n\n\n<p>Para consultas generales, asistencia o comentarios, env\u00ede un correo electr\u00f3nico a: <a>help@izzotodigital.com.br<\/a>. Nos esforzamos por responder a todos los correos electr\u00f3nicos en un plazo de 24-48 horas.<\/p>\n\n\n\n<h3 class=\"wp-block-heading\">S\u00edguenos en las redes sociales<\/h3>\n\n\n\n<p>Mant\u00e9ngase al d\u00eda e interact\u00fae con nosotros a trav\u00e9s de nuestras plataformas de medios sociales:<\/p>\n\n\n\n<p><strong>Twitter:<\/strong> @ip1blog<\/p>\n\n\n\n<p><strong>Instagram:<\/strong> @ip1blog<\/p>\n\n\n\n<p><strong>Facebook:<\/strong> @ip1blog<\/p>\n\n\n\n<h3 class=\"wp-block-heading\">Vis\u00edtenos<\/h3>\n\n\n\n<p>Aunque somos principalmente una plataforma en l\u00ednea, tambi\u00e9n puede encontrarnos en nuestra oficina administrativa de S\u00e3o Paulo:<\/p>\n\n\n\n<p><strong>Blog IP1<\/strong><\/p>\n\n\n\n<p>S\u00e3o Paulo, SP<\/p>\n\n\n\n<p>Brasil<\/p>\n\n\n\n<p>Estamos deseando conocerle y mejorar su experiencia automovil\u00edstica. P\u00f3ngase en contacto con nosotros hoy mismo e impulsemos la conversaci\u00f3n.<\/p>","protected":false},"excerpt":{"rendered":"<p>Siempre estamos dispuestos a conectar con nuestros lectores y socios. Si desea hacernos llegar sus comentarios, preguntas o sugerencias, puede ponerse en contacto con nosotros...<\/p>","protected":false},"author":1,"featured_media":0,"parent":0,"menu_order":0,"comment_status":"closed","ping_status":"closed","template":"","meta":{"footnotes":""},"class_list":["post-26","page","type-page","status-publish","hentry"],"_links":{"self":[{"href":"https:\/\/ip1blog.com\/es\/wp-json\/wp\/v2\/pages\/26","targetHints":{"allow":["GET"]}}],"collection":[{"href":"https:\/\/ip1blog.com\/es\/wp-json\/wp\/v2\/pages"}],"about":[{"href":"https:\/\/ip1blog.com\/es\/wp-json\/wp\/v2\/types\/page"}],"author":[{"embeddable":true,"href":"https:\/\/ip1blog.com\/es\/wp-json\/wp\/v2\/users\/1"}],"replies":[{"embeddable":true,"href":"https:\/\/ip1blog.com\/es\/wp-json\/wp\/v2\/comments?post=26"}],"version-history":[{"count":2,"href":"https:\/\/ip1blog.com\/es\/wp-json\/wp\/v2\/pages\/26\/revisions"}],"predecessor-version":[{"id":287788,"href":"https:\/\/ip1blog.com\/es\/wp-json\/wp\/v2\/pages\/26\/revisions\/287788"}],"wp:attachment":[{"href":"https:\/\/ip1blog.com\/es\/wp-json\/wp\/v2\/media?parent=26"}],"curies":[{"name":"wp","href":"https:\/\/api.w.org\/{rel}","templated":true}]}}