{"id":24,"date":"2023-08-19T18:19:39","date_gmt":"2023-08-19T18:19:39","guid":{"rendered":"https:\/\/casacelular.com.br\/?page_id=24"},"modified":"2024-07-12T12:27:39","modified_gmt":"2024-07-12T15:27:39","slug":"disclaimer","status":"publish","type":"page","link":"https:\/\/ip1blog.com\/es\/descargo-de-responsabilidad\/","title":{"rendered":"Descargo de responsabilidad"},"content":{"rendered":"<h2 class=\"wp-block-heading\">Descargo de responsabilidad<\/h2>\n\n\n\n<p>La informaci\u00f3n facilitada en el Blog IP1 (<a href=\"https:\/\/ip1blog.com\/es\/\">https:\/\/ip1blog.com<\/a>) tienen \u00fanicamente fines de informaci\u00f3n general. Todos los contenidos se publican de buena fe y con la intenci\u00f3n de que sean precisos y \u00fatiles. No obstante, IP1 Blog no garantiza la exhaustividad, fiabilidad o exactitud de la informaci\u00f3n presentada.<\/p>\n\n\n\n<h3 class=\"wp-block-heading\">Aplicaciones m\u00f3viles<\/h3>\n\n\n\n<p>Las rese\u00f1as y recomendaciones sobre aplicaciones m\u00f3viles que se ofrecen en IP1 Blog se basan en las opiniones y experiencias personales de nuestro equipo. Aunque nos esforzamos por garantizar que las aplicaciones que recomendamos sean \u00fatiles y seguras, el uso de cualquier aplicaci\u00f3n es bajo su propia responsabilidad. Le recomendamos que lea las opiniones de los usuarios y las pol\u00edticas de privacidad de las aplicaciones antes de descargarlas y utilizarlas.<\/p>\n\n\n\n<h3 class=\"wp-block-heading\">Finanzas personales<\/h3>\n\n\n\n<p>El asesoramiento financiero y la informaci\u00f3n disponible en el Blog IP1 pretenden servir de orientaci\u00f3n general. No somos asesores financieros autorizados y no sustituimos el asesoramiento profesional personalizado. Antes de tomar cualquier decisi\u00f3n financiera, le sugerimos que consulte a un profesional cualificado para obtener un asesoramiento adaptado a sus circunstancias individuales.<\/p>\n\n\n\n<h3 class=\"wp-block-heading\">Oportunidades de empleo<\/h3>\n\n\n\n<p>La informaci\u00f3n sobre oportunidades de empleo y consejos profesionales se facilita con la intenci\u00f3n de ayudar a nuestros lectores a encontrar mejores oportunidades en el mercado laboral. Sin embargo, no garantizamos que vaya a encontrar un empleo o a tener \u00e9xito en su solicitud bas\u00e1ndose en la informaci\u00f3n facilitada. Los resultados pueden variar en funci\u00f3n de la situaci\u00f3n personal y las cualificaciones de cada individuo.<\/p>\n\n\n\n<h3 class=\"wp-block-heading\">Noticias generales<\/h3>\n\n\n\n<p>Las noticias y la informaci\u00f3n general presentadas en el Blog IP1 se obtienen de fuentes fiables y tienen por objeto mantener informados a nuestros lectores de los acontecimientos importantes. Sin embargo, no podemos garantizar la exactitud y actualidad de todas las noticias. Siempre es aconsejable comprobar la informaci\u00f3n procedente de diversas fuentes y ejercer el juicio a la hora de interpretar las noticias.<\/p>\n\n\n\n<h3 class=\"wp-block-heading\">Enlaces a sitios de terceros<\/h3>\n\n\n\n<p>IP1 Blog puede contener enlaces a otros sitios web que no son operados por nosotros. Estos enlaces se proporcionan \u00fanicamente para su comodidad y como referencia. No tenemos ning\u00fan control sobre el contenido y las pr\u00e1cticas de estos sitios y no asumimos ninguna responsabilidad por el contenido, las pol\u00edticas de privacidad o las pr\u00e1cticas de terceros. La inclusi\u00f3n de cualquier enlace no implica la aprobaci\u00f3n del contenido del sitio enlazado.<\/p>\n\n\n\n<h3 class=\"wp-block-heading\">Cambios en el descargo de responsabilidad<\/h3>\n\n\n\n<p>IP1 Blog se reserva el derecho de actualizar o modificar este Aviso Legal en cualquier momento. Cualquier cambio ser\u00e1 publicado en esta p\u00e1gina, y es su responsabilidad revisar esta p\u00e1gina peri\u00f3dicamente para mantenerse informado de cualquier cambio.<\/p>\n\n\n\n<h3 class=\"wp-block-heading\">Cont\u00e1ctenos<\/h3>\n\n\n\n<p>Si tiene alguna pregunta sobre esta cl\u00e1usula de exenci\u00f3n de responsabilidad o sobre cualquiera de los contenidos de nuestro sitio web, p\u00f3ngase en contacto con nosotros:<\/p>\n\n\n\n<ul class=\"wp-block-list\">\n<li><strong>Correo electr\u00f3nico:<\/strong> <a>help@izzotodigital.com.br<\/a><\/li>\n\n\n\n<li><strong>Twitter:<\/strong> @ip1blog<\/li>\n\n\n\n<li><strong>Instagram:<\/strong> @ip1blog<\/li>\n\n\n\n<li><strong>Facebook:<\/strong> @ip1blog<\/li>\n<\/ul>","protected":false},"excerpt":{"rendered":"<p>Cl\u00e1usula de exenci\u00f3n de responsabilidad La informaci\u00f3n proporcionada en el Blog IP1 (https:\/\/ip1blog.com) tiene \u00fanicamente fines de informaci\u00f3n general. Todo el contenido se publica de buena fe y...<\/p>","protected":false},"author":1,"featured_media":0,"parent":0,"menu_order":0,"comment_status":"closed","ping_status":"closed","template":"","meta":{"footnotes":""},"class_list":["post-24","page","type-page","status-publish","hentry"],"_links":{"self":[{"href":"https:\/\/ip1blog.com\/es\/wp-json\/wp\/v2\/pages\/24","targetHints":{"allow":["GET"]}}],"collection":[{"href":"https:\/\/ip1blog.com\/es\/wp-json\/wp\/v2\/pages"}],"about":[{"href":"https:\/\/ip1blog.com\/es\/wp-json\/wp\/v2\/types\/page"}],"author":[{"embeddable":true,"href":"https:\/\/ip1blog.com\/es\/wp-json\/wp\/v2\/users\/1"}],"replies":[{"embeddable":true,"href":"https:\/\/ip1blog.com\/es\/wp-json\/wp\/v2\/comments?post=24"}],"version-history":[{"count":1,"href":"https:\/\/ip1blog.com\/es\/wp-json\/wp\/v2\/pages\/24\/revisions"}],"predecessor-version":[{"id":287795,"href":"https:\/\/ip1blog.com\/es\/wp-json\/wp\/v2\/pages\/24\/revisions\/287795"}],"wp:attachment":[{"href":"https:\/\/ip1blog.com\/es\/wp-json\/wp\/v2\/media?parent=24"}],"curies":[{"name":"wp","href":"https:\/\/api.w.org\/{rel}","templated":true}]}}