{"id":22,"date":"2023-08-19T18:19:11","date_gmt":"2023-08-19T18:19:11","guid":{"rendered":"https:\/\/casacelular.com.br\/?page_id=22"},"modified":"2024-07-12T12:26:04","modified_gmt":"2024-07-12T15:26:04","slug":"about-us","status":"publish","type":"page","link":"https:\/\/ip1blog.com\/es\/sobre-nosotros\/","title":{"rendered":"Sobre nosotros"},"content":{"rendered":"<p>Bienvenido al blog de IP1<\/p>\n\n\n\n<p>En IP1 Blog, nuestra misi\u00f3n es ofrecerte la mejor informaci\u00f3n y consejos sobre aplicaciones m\u00f3viles, finanzas personales, oportunidades laborales y las \u00faltimas noticias en general. Queremos ser tu fuente de conocimiento e inspiraci\u00f3n de confianza para ayudarte a sacar el m\u00e1ximo partido a la tecnolog\u00eda, gestionar mejor tus finanzas, encontrar las mejores oportunidades profesionales y mantenerte informado sobre los acontecimientos m\u00e1s importantes.<\/p>\n\n\n\n<h3 class=\"wp-block-heading\">Nuestros temas principales<\/h3>\n\n\n\n<p><strong>Aplicaciones m\u00f3viles<\/strong><\/p>\n\n\n\n<p>Exploramos y analizamos las mejores aplicaciones disponibles en el mercado para diversos fines: desde productividad y entretenimiento hasta salud y bienestar. Nuestro objetivo es ayudarte a descubrir herramientas \u00fatiles que pueden hacer tu vida diaria m\u00e1s f\u00e1cil y enriquecedora.<\/p>\n\n\n\n<p><strong>Finanzas personales<\/strong><\/p>\n\n\n\n<p>Le ofrecemos consejos pr\u00e1cticos y estrategias para mejorar su salud financiera. Desde consejos sobre ahorro e inversi\u00f3n hasta planificaci\u00f3n financiera y elaboraci\u00f3n de presupuestos personales, estamos aqu\u00ed para guiarle hacia un futuro financiero m\u00e1s seguro y estable.<\/p>\n\n\n\n<p><strong>Oportunidades de empleo<\/strong><\/p>\n\n\n\n<p>Sabemos que encontrar la oportunidad laboral adecuada puede ser todo un reto. Por eso hemos recopilado consejos profesionales, orientaciones sobre c\u00f3mo preparar un CV eficaz, consejos para entrevistas de trabajo y las mejores oportunidades disponibles en el mercado laboral.<\/p>\n\n\n\n<p><strong>Noticias generales<\/strong><\/p>\n\n\n\n<p>Mant\u00e9ngase al d\u00eda de las \u00faltimas noticias y acontecimientos importantes en todo el mundo. Nuestro equipo se dedica a ofrecerle informaci\u00f3n precisa y relevante para que est\u00e9 siempre bien informado.<\/p>\n\n\n\n<h3 class=\"wp-block-heading\">Nuestra misi\u00f3n<\/h3>\n\n\n\n<p>Creemos que la informaci\u00f3n es poderosa y que, comparti\u00e9ndola de forma accesible y comprensible, podemos capacitar a nuestros lectores para que tomen decisiones informadas y mejoren sus vidas. Nuestro compromiso es ofrecer contenidos de calidad, actualizados y relevantes para satisfacer sus necesidades e intereses.<\/p>\n\n\n\n<h3 class=\"wp-block-heading\">Cont\u00e1ctenos<\/h3>\n\n\n\n<p>Nos encanta conectar con nuestros lectores y socios. Si tiene alguna sugerencia, pregunta o comentario, no dude en ponerse en contacto con nosotros. Estamos aqu\u00ed para escuchar y ayudar en todo lo que podamos.<\/p>\n\n\n\n<ul class=\"wp-block-list\">\n<li><strong>Correo electr\u00f3nico:<\/strong> <a>help@izzotodigital.com.br<\/a><\/li>\n\n\n\n<li><strong>Twitter:<\/strong> @ip1blog<\/li>\n\n\n\n<li><strong>Instagram:<\/strong> @ip1blog<\/li>\n\n\n\n<li><strong>Facebook:<\/strong> @ip1blog<\/li>\n<\/ul>\n\n\n\n<h3 class=\"wp-block-heading\">\u00danete a nosotros<\/h3>\n\n\n\n<p>S\u00edganos en las redes sociales para estar al d\u00eda de las \u00faltimas noticias, consejos exclusivos y mucho m\u00e1s. Estamos deseando construir con usted una comunidad comprometida e informada.<\/p>\n\n\n\n<p>Muchas gracias por visitar el blog de IP1. Esperamos que disfrutes de nuestro contenido y que marque la diferencia en tu vida. Exploremos juntos el mundo de las aplicaciones, las finanzas, el empleo y las noticias.<\/p>","protected":false},"excerpt":{"rendered":"<p>Bienvenido al Blog de IP1 En IP1 Blog, nuestra misi\u00f3n es ofrecerte la mejor informaci\u00f3n y consejos sobre aplicaciones m\u00f3viles, finanzas personales, oportunidades de empleo...<\/p>","protected":false},"author":1,"featured_media":0,"parent":0,"menu_order":0,"comment_status":"closed","ping_status":"closed","template":"","meta":{"footnotes":""},"class_list":["post-22","page","type-page","status-publish","hentry"],"_links":{"self":[{"href":"https:\/\/ip1blog.com\/es\/wp-json\/wp\/v2\/pages\/22","targetHints":{"allow":["GET"]}}],"collection":[{"href":"https:\/\/ip1blog.com\/es\/wp-json\/wp\/v2\/pages"}],"about":[{"href":"https:\/\/ip1blog.com\/es\/wp-json\/wp\/v2\/types\/page"}],"author":[{"embeddable":true,"href":"https:\/\/ip1blog.com\/es\/wp-json\/wp\/v2\/users\/1"}],"replies":[{"embeddable":true,"href":"https:\/\/ip1blog.com\/es\/wp-json\/wp\/v2\/comments?post=22"}],"version-history":[{"count":1,"href":"https:\/\/ip1blog.com\/es\/wp-json\/wp\/v2\/pages\/22\/revisions"}],"predecessor-version":[{"id":287794,"href":"https:\/\/ip1blog.com\/es\/wp-json\/wp\/v2\/pages\/22\/revisions\/287794"}],"wp:attachment":[{"href":"https:\/\/ip1blog.com\/es\/wp-json\/wp\/v2\/media?parent=22"}],"curies":[{"name":"wp","href":"https:\/\/api.w.org\/{rel}","templated":true}]}}