{"id":3,"date":"2023-08-19T17:19:57","date_gmt":"2023-08-19T17:19:57","guid":{"rendered":"http:\/\/casacelular.com.br\/?page_id=3"},"modified":"2024-07-12T12:21:46","modified_gmt":"2024-07-12T15:21:46","slug":"privacy-policy","status":"publish","type":"page","link":"https:\/\/ip1blog.com\/de\/datenschutzrichtlinie\/","title":{"rendered":"Datenschutz-Bestimmungen"},"content":{"rendered":"<p><strong>IP1 Blog Datenschutzbestimmungen<\/strong><\/p>\n\n\n\n<p>Letzte Aktualisierung: 12. Juli 2024<\/p>\n\n\n\n<p>IP1 Blog (\"wir\", \"wir\" oder \"unser\") betreibt die Website IP1 Blog (der \"Dienst\"). Diese Seite informiert Sie \u00fcber unsere Richtlinien bez\u00fcglich der Erfassung, Verwendung und Weitergabe personenbezogener Daten, wenn Sie unseren Dienst nutzen, sowie \u00fcber die Rechte, die Sie im Zusammenhang mit diesen Daten haben.<\/p>\n\n\n\n<h3 class=\"wp-block-heading\">Sammlung und Verwendung von Informationen<\/h3>\n\n\n\n<p>Wir sammeln verschiedene Arten von Informationen zu unterschiedlichen Zwecken, um Ihnen unseren Service anbieten und verbessern zu k\u00f6nnen.<\/p>\n\n\n\n<h3 class=\"wp-block-heading\">Arten von gesammelten Daten<\/h3>\n\n\n\n<p><strong>Pers\u00f6nliche Daten<\/strong><\/p>\n\n\n\n<p>Bei der Nutzung unseres Dienstes bitten wir Sie m\u00f6glicherweise, uns bestimmte pers\u00f6nliche Daten mitzuteilen, die dazu verwendet werden k\u00f6nnen, Sie zu kontaktieren oder zu identifizieren (\"pers\u00f6nliche Daten\"). Diese Informationen k\u00f6nnen unter anderem Folgendes umfassen:<\/p>\n\n\n\n<ul class=\"wp-block-list\">\n<li>E-Mail Adresse<\/li>\n\n\n\n<li>Vorname und Nachname<\/li>\n\n\n\n<li>Rufnummer<\/li>\n\n\n\n<li>Cookies und Nutzungsdaten<\/li>\n<\/ul>\n\n\n\n<p><strong>Verwendungsdaten<\/strong><\/p>\n\n\n\n<p>Wir k\u00f6nnen auch Informationen dar\u00fcber sammeln, wie auf den Dienst zugegriffen wird und wie er genutzt wird (\"Nutzungsdaten\"). Diese Nutzungsdaten k\u00f6nnen Informationen wie die IP-Adresse Ihres Computers, den Browsertyp, die Browserversion, die von Ihnen besuchten Seiten unseres Dienstes, die Uhrzeit und das Datum Ihres Besuchs, die auf diesen Seiten verbrachte Zeit, eindeutige Ger\u00e4tekennungen und andere Diagnosedaten umfassen.<\/p>\n\n\n\n<h3 class=\"wp-block-heading\">Datenverfolgung und Cookies<\/h3>\n\n\n\n<p>Wir verwenden Cookies und \u00e4hnliche Tracking-Technologien, um Aktivit\u00e4ten auf unserem Service zu verfolgen und bestimmte Informationen zu erhalten.<\/p>\n\n\n\n<p>Sie k\u00f6nnen Ihren Browser so einstellen, dass alle Cookies abgelehnt werden oder dass er anzeigt, wenn ein Cookie gesendet wird. Wenn Sie jedoch keine Cookies akzeptieren, k\u00f6nnen Sie m\u00f6glicherweise einige Teile unseres Dienstes nicht nutzen.<\/p>\n\n\n\n<h3 class=\"wp-block-heading\">Verwendung von Daten<\/h3>\n\n\n\n<p>IP1 Blog verwendet die gesammelten Daten f\u00fcr verschiedene Zwecke:<\/p>\n\n\n\n<ul class=\"wp-block-list\">\n<li>Zur Bereitstellung und Aufrechterhaltung unseres Dienstes<\/li>\n\n\n\n<li>Um Sie \u00fcber \u00c4nderungen an unserem Service zu informieren<\/li>\n\n\n\n<li>Um Ihnen die Teilnahme an interaktiven Funktionen unseres Dienstes zu erm\u00f6glichen, wenn Sie dies w\u00fcnschen<\/li>\n\n\n\n<li>Kundenunterst\u00fctzung bieten<\/li>\n\n\n\n<li>Um Analysen oder wertvolle Informationen zu sammeln, damit wir unseren Service verbessern k\u00f6nnen<\/li>\n\n\n\n<li>Um die Nutzung unseres Dienstes zu \u00fcberwachen<\/li>\n\n\n\n<li>Erkennen, Vorbeugen und Beheben technischer Probleme<\/li>\n<\/ul>\n\n\n\n<h3 class=\"wp-block-heading\">Daten\u00fcbertragung<\/h3>\n\n\n\n<p>Ihre Informationen, einschlie\u00dflich personenbezogener Daten, k\u00f6nnen an Computer au\u00dferhalb Ihres Staates, Ihrer Provinz, Ihres Landes oder anderer staatlicher Zust\u00e4ndigkeitsbereiche, in denen sich die Datenschutzgesetze von denen Ihres Zust\u00e4ndigkeitsbereichs unterscheiden k\u00f6nnen, \u00fcbertragen und dort gespeichert werden.<\/p>\n\n\n\n<p>Wenn Sie sich au\u00dferhalb Brasiliens befinden und uns Informationen zur Verf\u00fcgung stellen, beachten Sie bitte, dass wir die Daten, einschlie\u00dflich personenbezogener Daten, nach Brasilien \u00fcbertragen und dort verarbeiten.<\/p>\n\n\n\n<h3 class=\"wp-block-heading\">Verbreitung der Daten<\/h3>\n\n\n\n<p>Wir k\u00f6nnen personenbezogene Daten offenlegen, wenn dies gesetzlich vorgeschrieben ist oder als Reaktion auf g\u00fcltige Vorladungen oder rechtliche Verfahren; um die gesetzlichen Rechte von IP1 Blog zu sch\u00fctzen; um m\u00f6gliche Verst\u00f6\u00dfe gegen unsere Richtlinien zu untersuchen oder dagegen vorzugehen; um die pers\u00f6nliche Sicherheit der Benutzer des Dienstes oder der \u00d6ffentlichkeit zu sch\u00fctzen.<\/p>\n\n\n\n<h3 class=\"wp-block-heading\">Datensicherheit<\/h3>\n\n\n\n<p>Die Sicherheit Ihrer Daten ist uns wichtig, aber denken Sie daran, dass keine Methode der \u00dcbertragung \u00fcber das Internet oder der elektronischen Speicherung 100% sicher ist. Wir bem\u00fchen uns zwar, Ihre personenbezogenen Daten mit wirtschaftlich vertretbaren Mitteln zu sch\u00fctzen, k\u00f6nnen aber keine absolute Sicherheit garantieren.<\/p>\n\n\n\n<h3 class=\"wp-block-heading\">Dienste von Dritten<\/h3>\n\n\n\n<p>Wir k\u00f6nnen Drittunternehmen und Einzelpersonen damit beauftragen, unseren Dienst zu erleichtern (Dienstanbieter\"), den Dienst in unserem Namen bereitzustellen, dienstbezogene Dienstleistungen zu erbringen oder uns dabei zu helfen, zu analysieren, wie unser Dienst genutzt wird.<\/p>\n\n\n\n<h3 class=\"wp-block-heading\">Links zu anderen Seiten<\/h3>\n\n\n\n<p>Unser Service kann Links zu anderen Websites enthalten, die nicht von uns betrieben werden. Wenn Sie auf einen Link einer dritten Partei klicken, werden Sie auf die Website dieser dritten Partei weitergeleitet. Wir empfehlen Ihnen dringend, die Datenschutzrichtlinien jeder Website, die Sie besuchen, zu lesen.<\/p>\n\n\n\n<h3 class=\"wp-block-heading\">Die Privatsph\u00e4re von Kindern<\/h3>\n\n\n\n<p>Unser Service ist nicht f\u00fcr Kinder unter 18 Jahren (\"Kinder\") bestimmt.<\/p>\n\n\n\n<h3 class=\"wp-block-heading\">Datenschutzbestimmungen f\u00fcr Google AdSense-Anzeigen und Partner<\/h3>\n\n\n\n<p>Auf dieser Website verwenden wir Google AdSense, einen Werbedienst der Google Inc. Google AdSense verwendet sog. \"Cookies\", Textdateien, die auf Ihrem Computer gespeichert werden und die eine Analyse der Benutzung der Website durch Sie erm\u00f6glichen. Zus\u00e4tzlich zu Cookies verwendet Google AdSense auch Web Beacons (unsichtbare Bilder). Diese Web Beacons erm\u00f6glichen es Google und seinen Partnern zu analysieren, wie Besucher mit der Website interagieren.<\/p>\n\n\n\n<p><strong>Gesammelte Informationen<\/strong><\/p>\n\n\n\n<p>Cookies und Web Beacons erfassen Informationen wie Ihre IP-Adresse, Ihren Internetanbieter, den Browser, den Sie f\u00fcr den Besuch unserer Website verwendet haben (z. B. Chrome oder Firefox), die Uhrzeit Ihres Besuchs und die Seiten, die Sie auf unserer Website besucht haben. Diese Informationen werden verwendet, um das Nutzererlebnis zu optimieren, indem Werbeinhalte auf der Grundlage der Besucher der Website und anderer Websites im Internet personalisiert werden.<\/p>\n\n\n\n<p><strong>Verwendung von Daten<\/strong><\/p>\n\n\n\n<p>Die erhobenen Daten werden zur Bereitstellung und Verbesserung des Werbedienstes verwendet, um sicherzustellen, dass die angezeigten Anzeigen f\u00fcr Sie und Ihre Interessen relevanter sind. Die Verwendung dieser Informationen erm\u00f6glicht es Google und seinen Partnern auch, die Wirksamkeit ihrer Werbung zu messen.<\/p>\n\n\n\n<p><strong>Dritte Parteien<\/strong><\/p>\n\n\n\n<p>Wir k\u00f6nnen auch auf Dritte zur\u00fcckgreifen, um auf unserer Website Werbung zu schalten. Diese Dritten k\u00f6nnen Technologien wie Cookies verwenden, wenn sie auf unserer Website werben, wodurch sie auch Zugang zu Informationen wie Ihrer IP, Ihrem ISP, Ihrem Browser usw. erhalten. Dies wird im Allgemeinen f\u00fcr das Geotargeting oder die Anzeige bestimmter Werbung auf der Grundlage bestimmter besuchter Websites verwendet.<\/p>\n\n\n\n<p><strong>Deine Auswahlm\u00f6glichkeiten<\/strong><\/p>\n\n\n\n<p>Sie haben die Wahl, Cookies zu akzeptieren oder abzulehnen, indem Sie die Einstellungen Ihres Browsers \u00e4ndern. Wenn Sie sich jedoch daf\u00fcr entscheiden, Cookies abzulehnen, kann dies Ihre Interaktion mit unserer Website sowie mit anderen Websites beeintr\u00e4chtigen. Dies kann dazu f\u00fchren, dass Sie sich nicht mehr bei Diensten oder Programmen anmelden k\u00f6nnen, z. B. bei Foren oder Konten.<\/p>\n\n\n\n<p>Weitere Informationen dar\u00fcber, wie Google Daten verwendet, wenn Sie die Websites oder Anwendungen von Google-Partnern nutzen, finden Sie auf der Seite <a>Wie Google Informationen von Websites oder Anwendungen verwendet, die unsere Dienste nutzen<\/a>.<\/p>\n\n\n\n<h3 class=\"wp-block-heading\">Zustimmung<\/h3>\n\n\n\n<p>Durch die Nutzung unserer Website erkl\u00e4ren Sie sich mit der Erfassung und Bearbeitung der \u00fcber Sie erhobenen Daten durch Google AdSense-Anzeigen in der zuvor beschriebenen Art und Weise und zu dem zuvor benannten Zweck einverstanden.<\/p>\n\n\n\n<h3 class=\"wp-block-heading\">\u00c4nderungen an dieser Datenschutzrichtlinie<\/h3>\n\n\n\n<p>Wir k\u00f6nnen unsere Datenschutzrichtlinie von Zeit zu Zeit aktualisieren. Wir werden Sie \u00fcber alle \u00c4nderungen informieren, indem wir die neue Datenschutzrichtlinie auf dieser Seite ver\u00f6ffentlichen.<\/p>\n\n\n\n<h3 class=\"wp-block-heading\">Kontakt<\/h3>\n\n\n\n<p>Wenn Sie Fragen zu dieser Datenschutzrichtlinie haben, wenden Sie sich bitte an uns:<\/p>\n\n\n\n<ul class=\"wp-block-list\">\n<li>Per E-Mail: <a>help@izzotodigital.com.br<\/a><\/li>\n\n\n\n<li>In den sozialen Medien: @ip1blog<\/li>\n<\/ul>\n\n\n\n<p>Durch die Nutzung dieses Blogs erkl\u00e4ren Sie sich mit der Erfassung und Nutzung von Informationen in \u00dcbereinstimmung mit dieser Richtlinie einverstanden.<\/p>","protected":false},"excerpt":{"rendered":"<p>IP1 Blog Datenschutzbestimmungen Letzte Aktualisierung: 12. Juli 2024 IP1 Blog (\"wir\", \"unser\" oder \"uns\") betreibt die IP1 Blog Website...<\/p>","protected":false},"author":1,"featured_media":0,"parent":0,"menu_order":0,"comment_status":"closed","ping_status":"open","template":"","meta":{"footnotes":""},"class_list":["post-3","page","type-page","status-publish","hentry"],"_links":{"self":[{"href":"https:\/\/ip1blog.com\/de\/wp-json\/wp\/v2\/pages\/3","targetHints":{"allow":["GET"]}}],"collection":[{"href":"https:\/\/ip1blog.com\/de\/wp-json\/wp\/v2\/pages"}],"about":[{"href":"https:\/\/ip1blog.com\/de\/wp-json\/wp\/v2\/types\/page"}],"author":[{"embeddable":true,"href":"https:\/\/ip1blog.com\/de\/wp-json\/wp\/v2\/users\/1"}],"replies":[{"embeddable":true,"href":"https:\/\/ip1blog.com\/de\/wp-json\/wp\/v2\/comments?post=3"}],"version-history":[{"count":1,"href":"https:\/\/ip1blog.com\/de\/wp-json\/wp\/v2\/pages\/3\/revisions"}],"predecessor-version":[{"id":287791,"href":"https:\/\/ip1blog.com\/de\/wp-json\/wp\/v2\/pages\/3\/revisions\/287791"}],"wp:attachment":[{"href":"https:\/\/ip1blog.com\/de\/wp-json\/wp\/v2\/media?parent=3"}],"curies":[{"name":"wp","href":"https:\/\/api.w.org\/{rel}","templated":true}]}}