{"id":288250,"date":"2025-07-18T00:26:00","date_gmt":"2025-07-18T03:26:00","guid":{"rendered":"https:\/\/ip1blog.com\/?page_id=288250"},"modified":"2025-11-17T00:44:54","modified_gmt":"2025-11-17T03:44:54","slug":"curso-de-ingles-gratuito-que-ja-mudou-milhares-de-vidas-2","status":"publish","type":"page","link":"https:\/\/ip1blog.com\/de\/kostenloser-englischkurs-der-tausende-von-leben-verandert-hat-2\/","title":{"rendered":"Kostenloser Englischkurs, der das Leben Tausender Menschen ver\u00e4ndert hat!"},"content":{"rendered":"<h1 class=\"wp-block-heading has-text-align-left\"><strong>Kostenloser Englischkurs, der das Leben Tausender Menschen ver\u00e4ndert hat!<\/strong><\/h1>\n\n\n\n<p>Was w\u00e4re, wenn ich Ihnen sagen w\u00fcrde, dass Sie ALLES lernen k\u00f6nnen, was Sie brauchen, um flie\u00dfend Englisch zu sprechen, ohne einen Cent zu bezahlen?<strong>.<\/strong><\/p>\n\n\n\n<h2 class=\"wp-block-heading has-text-align-center\"><strong>M\u00f6chten Sie Englisch lernen?<\/strong><\/h2>\n\n\n\n<div class=\"wp-block-buttons is-layout-flex wp-block-buttons-is-layout-flex\">\n<div class=\"wp-block-button has-custom-width wp-block-button__width-100\"><a class=\"wp-block-button__link has-vivid-green-cyan-background-color has-background has-medium-font-size has-custom-font-size wp-element-button\" href=\"https:\/\/ip1blog.com\/de\/post\/sprechen-sie-englisch-und-verdoppeln-sie-ihre-chancen-auf-dem-arbeitsmarkt-ohne-etwas-zu-bezahlen\/\"><strong>JA, ICH M\u00d6CHTE LERNEN<\/strong><\/a><\/div>\n\n\n\n<div class=\"wp-block-button has-custom-width wp-block-button__width-100\"><a class=\"wp-block-button__link has-vivid-cyan-blue-background-color has-background wp-element-button\" href=\"https:\/\/ip1blog.com\/de\/post\/category\/cursos\/curs-quiz\/\"><strong>SIEHE ANDERE KURSE<\/strong><\/a><\/div>\n<\/div>\n\n\n\n<div style=\"height:70px\" aria-hidden=\"true\" class=\"wp-block-spacer\"><\/div>\n\n\n\n<p>Stellen Sie sich vor, Sie wachen eines Tages auf und stellen fest, dass die Welt voller M\u00f6glichkeiten ist, die Sie nicht nutzen k\u00f6nnen, nur weil Sie kein Englisch sprechen. Wie viele T\u00fcren sind Ihnen schon verschlossen worden, weil Sie kein Englisch sprechen? Die gute Nachricht ist, dass ein <strong>Englischkurs<\/strong> Free kann der Schl\u00fcssel zur Ver\u00e4nderung dieser Realit\u00e4t sein. Tausende von Menschen haben bereits ihr Leben ver\u00e4ndert, indem sie die Sprache gemeistert haben, und Sie k\u00f6nnten der N\u00e4chste sein.<\/p>\n\n\n\n<p>In diesem Artikel gehen wir der Frage nach, wie ein kostenloser Englischkurs Karrierewege er\u00f6ffnen, Ihr Selbstvertrauen st\u00e4rken und sogar Ihr Weltbild erweitern kann. Sie werden inspirierende Geschichten, effektive Methoden und erschwingliche Ressourcen entdecken, um noch heute loszulegen. <strong>Ist es jetzt nicht an der Zeit, Ihr Leben zu \u00e4ndern?<\/strong><\/p>\n\n\n\n<p><strong>Warum Englisch lernen Ihr Leben ver\u00e4ndern kann<\/strong><\/p>\n\n\n\n<p>Englisch ist viel mehr als eine Sprache; es ist ein Werkzeug f\u00fcr den Wandel. Diejenigen, die diese Sprache beherrschen, haben Zugang zu besseren Jobs, h\u00f6heren Geh\u00e4ltern und globalen M\u00f6glichkeiten. <strong>Wussten Sie, dass zweisprachige Fachkr\u00e4fte bis zu 60% mehr verdienen k\u00f6nnen?<\/strong> Dies ist keine \u00dcbertreibung, sondern eine Realit\u00e4t, die durch Arbeitsmarktumfragen belegt wird.<\/p>\n\n\n\n<p>Abgesehen vom finanziellen Aspekt erm\u00f6glicht Englisch Ihnen, mit Menschen aus anderen Kulturen in Kontakt zu treten, exklusive Inhalte zu konsumieren und sogar unabh\u00e4ngiger zu reisen. Stellen Sie sich vor, Sie sehen eine Serie ohne Untertitel, lesen B\u00fccher in ihrer Originalsprache oder nehmen an einer internationalen Konferenz teil, ohne auf \u00dcbersetzer angewiesen zu sein. <strong>Wie w\u00fcrde Ihr Leben aussehen, wenn es diese Hindernisse nicht g\u00e4be?<\/strong><\/p>\n\n\n\n<p>F\u00fcr diejenigen, die denken, dass Englisch lernen schwierig oder teuer ist, gibt es in Wahrheit kostenlose und effektive M\u00f6glichkeiten. Plattformen wie <a href=\"https:\/\/www.duolingo.com\" target=\"_blank\" rel=\"noopener noreferrer\">Duolingo<\/a> und <a href=\"https:\/\/www.coursera.org\" target=\"_blank\" rel=\"noopener noreferrer\">Coursera<\/a> bieten Qualit\u00e4tskurse an, ohne einen Cent zu verlangen. Der Schl\u00fcssel ist Best\u00e4ndigkeit und die Wahl der richtigen Methode f\u00fcr Sie.<\/p>\n\n\n\n<p>Und t\u00e4uschen Sie sich nicht: Sie m\u00fcssen kein Experte sein, um die Fr\u00fcchte zu ernten. Selbst ein mittleres Niveau kann sich positiv auf Ihren Lebenslauf und Ihr t\u00e4gliches Leben auswirken. <strong>Wie w\u00e4re es, wenn Sie noch heute damit anfangen und schon in wenigen Monaten die Ergebnisse sehen?<\/strong><\/p>\n\n\n\n<p><strong>Wie w\u00e4hle ich den besten kostenlosen Englischkurs?<\/strong><\/p>\n\n\n\n<p>Woher wissen Sie angesichts der vielen M\u00f6glichkeiten, welcher kostenlose Englischkurs der richtige f\u00fcr Sie ist? Der erste Schritt besteht darin, Ihre Ziele zu definieren. M\u00f6chten Sie Ihre Konversation verbessern, sich auf die Grammatik konzentrieren oder sich auf eine bestimmte Pr\u00fcfung vorbereiten? Jedes Ziel erfordert eine andere Art von Ansatz.<\/p>\n\n\n\n<p>Plattformen wie <a href=\"https:\/\/www.bbc.co.uk\/learningenglish\" target=\"_blank\" rel=\"noopener noreferrer\">BBC Learning English<\/a> eignen sich hervorragend f\u00fcr diejenigen, die abwechslungsreiche Inhalte suchen, mit Audios, Videos und interaktiven \u00dcbungen. Die <a href=\"https:\/\/www.efset.org\" target=\"_blank\" rel=\"noopener noreferrer\">EF-EINSTELLUNG<\/a> bietet kostenlose Einstufungstests an, mit denen Sie Ihren Ausgangspunkt ermitteln k\u00f6nnen. <strong>Wissen Sie nicht schon mehr, als Ihnen bewusst ist?<\/strong><\/p>\n\n\n\n<p>Ein weiterer wichtiger Faktor ist die Anpassung an Ihr Lerntempo. Manche Menschen lernen besser mit strukturierten Lektionen, w\u00e4hrend andere flexiblere Methoden bevorzugen, wie z. B. Apps f\u00fcr r\u00e4umliche Wiederholungen. Experimentieren Sie mit verschiedenen Formaten, bis Sie finden, was f\u00fcr Sie funktioniert.<\/p>\n\n\n\n<p>Und untersch\u00e4tzen Sie nicht die Kraft des t\u00e4glichen \u00dcbens. Selbst wenn Sie sich nur 15 Minuten pro Tag Zeit nehmen, k\u00f6nnen Sie erhebliche Fortschritte erzielen. <strong>Wie w\u00e4re es, wenn Sie sich eine feste Zeit am Tag nehmen, um Englisch zu lernen?<\/strong> Kleine Gewohnheiten bringen gro\u00dfe Ergebnisse.<\/p>\n\n\n\n<p><strong>Echte Geschichten von Menschen, die ihr Leben mit einem Englischkurs ver\u00e4ndert haben<\/strong><\/p>\n\n\n\n<p>Nichts inspiriert mehr als echte Geschichten. Jo\u00e3o, ein Zusteller aus S\u00e3o Paulo, beschloss, \u00fcber einen kostenlosen Online-Kurs Englisch zu lernen. Zwei Jahre sp\u00e4ter bekam er einen Job bei einem multinationalen Unternehmen und verdreifachte sein Einkommen. <strong>Er glaubte, dass es m\u00f6glich war, und ergriff Ma\u00dfnahmen. Was ist mit Ihnen?<\/strong><\/p>\n\n\n\n<p>Maria, eine Hausfrau aus dem Landesinneren von Paran\u00e1, begann Englisch zu lernen, um ihren Kindern bei den Schularbeiten zu helfen. Heute gibt sie Privatunterricht und verdient sich so ein zus\u00e4tzliches Einkommen. <strong>Wer h\u00e4tte gedacht, dass ein kostenloser Englischkurs zu einer Quelle der finanziellen Unabh\u00e4ngigkeit werden kann?<\/strong><\/p>\n\n\n\n<p>Diese F\u00e4lle zeigen, dass die Sprache unabh\u00e4ngig vom Alter oder der Ausgangssituation ein entscheidender Faktor ist. Was z\u00e4hlt, ist Entschlossenheit. Plattformen wie <a href=\"https:\/\/www.khanacademy.org\" target=\"_blank\" rel=\"noopener noreferrer\">Khan Akademie<\/a> und <a href=\"https:\/\/www.usalearns.org\" target=\"_blank\" rel=\"noopener noreferrer\">USA lernt<\/a> bieten Ressourcen f\u00fcr diejenigen, die diesen Weg gehen wollen.<\/p>\n\n\n\n<p>Also, worauf warten Sie noch? Ihre Erfolgsgeschichte kann heute beginnen. <strong>Was wird der erste Schritt sein, den Sie unternehmen?<\/strong><\/p>\n\n\n\n<p><strong>Bew\u00e4hrte Methoden zum schnellen Englischlernen<\/strong><\/p>\n\n\n<div class=\"wp-block-image wp-image-288248\">\n<figure class=\"aligncenter\"><img loading=\"lazy\" decoding=\"async\" width=\"1024\" height=\"576\" src=\"https:\/\/ip1blog.com\/wp-content\/uploads\/2025\/07\/curso-de-ingles-gratuito-que-ja-mudou-milhares-de-vidas-20250718-031213-dda360.jpeg\" alt=\"Kostenloser Englischkurs, der das Leben Tausender Menschen ver\u00e4ndert hat!\" class=\"wp-image-288248\" srcset=\"https:\/\/ip1blog.com\/wp-content\/uploads\/2025\/07\/curso-de-ingles-gratuito-que-ja-mudou-milhares-de-vidas-20250718-031213-dda360.jpeg 1024w, https:\/\/ip1blog.com\/wp-content\/uploads\/2025\/07\/curso-de-ingles-gratuito-que-ja-mudou-milhares-de-vidas-20250718-031213-dda360-300x169.jpeg 300w, https:\/\/ip1blog.com\/wp-content\/uploads\/2025\/07\/curso-de-ingles-gratuito-que-ja-mudou-milhares-de-vidas-20250718-031213-dda360-768x432.jpeg 768w, https:\/\/ip1blog.com\/wp-content\/uploads\/2025\/07\/curso-de-ingles-gratuito-que-ja-mudou-milhares-de-vidas-20250718-031213-dda360-18x10.jpeg 18w, https:\/\/ip1blog.com\/wp-content\/uploads\/2025\/07\/curso-de-ingles-gratuito-que-ja-mudou-milhares-de-vidas-20250718-031213-dda360-800x450.jpeg 800w\" sizes=\"auto, (max-width: 1024px) 100vw, 1024px\" \/><figcaption class=\"wp-element-caption\">Illustration Kostenloser Englischkurs, der das Leben Tausender ver\u00e4ndert hat!<\/figcaption><\/figure>\n<\/div>\n\n<p>Das Erlernen einer Sprache muss nicht Jahre dauern. Mit den richtigen Techniken k\u00f6nnen Sie Ihre Fortschritte beschleunigen. Eine der effektivsten Methoden ist <strong>Eintauchen<\/strong>. Das bedeutet, sich im Alltag mit Englisch zu umgeben: die Sprache auf dem Handy zu \u00e4ndern, Filme ohne Untertitel zu sehen und Lieder zu h\u00f6ren und dabei auf den Text zu achten.<\/p>\n<p>Eine weitere wirksame Strategie ist <strong>Beschattung<\/strong>Dabei werden die S\u00e4tze unmittelbar nach dem H\u00f6ren wiederholt, wobei Aussprache und Rhythmus nachgeahmt werden. Werkzeuge wie <a href=\"https:\/\/www.youtube.com\/user\/bbclearningenglish\" target=\"_blank\" rel=\"noopener noreferrer\">BBC Learning English auf YouTube<\/a> sind ideal zum \u00dcben. <strong>Haben Sie diese Technik schon einmal ausprobiert?<\/strong><\/p>\n<p>Dar\u00fcber hinaus werden Anwendungen wie <a href=\"https:\/\/www.memrise.com\" target=\"_blank\" rel=\"noopener noreferrer\">Memrise<\/a> Wiederholungen in bestimmten Abst\u00e4nden, um den Wortschatz zu festigen. Und vergessen Sie nicht die Konversations\u00fcbungen. Websites wie <a href=\"https:\/\/www.tandem.net\" target=\"_blank\" rel=\"noopener noreferrer\">Tandem<\/a> Sie mit Muttersprachlern f\u00fcr den Sprachaustausch zu verbinden.<\/p>\n<p>Das Geheimnis besteht darin, verschiedene Methoden zu kombinieren und die Konsistenz zu wahren. <strong>Wie w\u00e4re es, wenn Sie noch heute einen pers\u00f6nlichen Studienplan erstellen?<\/strong><\/p>\n<p><strong>Wie man beim Lernen motiviert bleibt<\/strong><\/p>\n<p>Eine der gr\u00f6\u00dften Herausforderungen beim Englischlernen besteht darin, nicht auf halbem Weg aufzugeben. Die Motivation kann variieren, aber es gibt M\u00f6glichkeiten, sie hoch zu halten. Setzen Sie sich realistische Ziele, z. B. f\u00fcnf neue W\u00f6rter pro Tag zu lernen oder einmal pro Woche ein Video ohne Untertitel anzuschauen.<\/p>\n<p>Feiern Sie jeden Erfolg, egal wie klein er auch sein mag. Kannst du ein Lied verstehen? Sag es jemandem! <strong>Je mehr Sie Ihre Fortschritte erkennen, desto mehr werden Sie weitermachen wollen.<\/strong><\/p>\n<p>Ein weiterer Tipp ist, sich eine Gemeinschaft von Lernenden zu suchen. Facebook-Gruppen oder Foren wie <a href=\"https:\/\/www.reddit.com\/r\/EnglishLearning\" target=\"_blank\" rel=\"noopener noreferrer\">Reddit Englisch Lernen<\/a> Unterst\u00fctzung und Ermutigung bieten. <strong>Haben Sie jemals dar\u00fcber nachgedacht, Ihre Zweifel und Siege mit anderen zu teilen?<\/strong><\/p>\n<p>Denken Sie daran: Englisch lernen ist ein Marathon, kein Sprint. <strong>Was k\u00f6nnen Sie heute tun, um morgen motiviert zu bleiben?<\/strong><\/p>\n<p><strong>Kostenlose Ressourcen zur F\u00f6rderung Ihres Studiums<\/strong><\/p>\n<p>Zus\u00e4tzlich zu den Kursen gibt es zahlreiche kostenlose Ressourcen, die Ihnen das Lernen erleichtern. O <a href=\"https:\/\/www.ted.com\" target=\"_blank\" rel=\"noopener noreferrer\">TED-Gespr\u00e4che<\/a>bietet zum Beispiel inspirierende Vortr\u00e4ge mit Untertiteln in mehreren Sprachen. <strong>Haben Sie schon einmal daran gedacht, Englisch zu lernen und gleichzeitig Ihre Kenntnisse in anderen F\u00e4chern zu erweitern?<\/strong><\/p>\n<p>F\u00fcr diejenigen, die gerne lesen, sind Websites wie <a href=\"https:\/\/www.newsinlevels.com\" target=\"_blank\" rel=\"noopener noreferrer\">Nachrichten in Levels<\/a> Nachrichten f\u00fcr verschiedene Leistungsniveaus anpassen. Und wenn Sie Podcasts bevorzugen, k\u00f6nnen Sie die <a href=\"https:\/\/www.inglespodcast.com\" target=\"_blank\" rel=\"noopener noreferrer\">Englischer Podcast<\/a> ist eine gute Option.<\/p>\n<p>Vergessen Sie nicht, YouTube-Kan\u00e4le zu besuchen, wie z. B. <a href=\"https:\/\/www.youtube.com\/user\/EnglishAddict\" target=\"_blank\" rel=\"noopener noreferrer\">Englisch-S\u00fcchtiger<\/a> oder EngVid. <strong>Welche Funktion werden Sie zuerst ausprobieren?<\/strong><\/p>\n<p><strong>Der erste Schritt, um heute loszulegen<\/strong><\/p>\n<p>Jetzt, da Sie wissen, wie ein kostenloser Englischkurs Ihr Leben ver\u00e4ndern kann, ist es an der Zeit, aktiv zu werden. W\u00e4hlen Sie eine Ressource, setzen Sie sich ein einfaches Ziel und beginnen Sie noch heute. <strong>Wie w\u00e4re es, wenn Sie jetzt eine App herunterladen oder ein Video ansehen w\u00fcrden?<\/strong><\/p>\n<p>Denken Sie daran: Die Zukunft geh\u00f6rt denen, die sich auf sie vorbereiten. <strong>Sind Sie bereit, die n\u00e4chste Seite Ihrer Geschichte zu schreiben?<\/strong><\/p>\n<p>Wenn Sie Hilfe bei der Auswahl des besten Kurses ben\u00f6tigen, lesen Sie diesen umfassenden Leitfaden: British Council. Das Wichtigste ist, dass Sie die Entscheidung nicht l\u00e4nger aufschieben. <strong>Die Zeit ist gekommen.<\/strong><\/p>","protected":false},"excerpt":{"rendered":"<p>Kostenloser Englischkurs, der das Leben tausender Menschen ver\u00e4ndert hat! Was w\u00e4re, wenn ich Ihnen sagen w\u00fcrde, dass Sie ALLES lernen k\u00f6nnen, was Sie brauchen, um...<\/p>","protected":false},"author":1,"featured_media":0,"parent":0,"menu_order":0,"comment_status":"closed","ping_status":"closed","template":"","meta":{"footnotes":""},"class_list":["post-288250","page","type-page","status-publish","hentry"],"_links":{"self":[{"href":"https:\/\/ip1blog.com\/de\/wp-json\/wp\/v2\/pages\/288250","targetHints":{"allow":["GET"]}}],"collection":[{"href":"https:\/\/ip1blog.com\/de\/wp-json\/wp\/v2\/pages"}],"about":[{"href":"https:\/\/ip1blog.com\/de\/wp-json\/wp\/v2\/types\/page"}],"author":[{"embeddable":true,"href":"https:\/\/ip1blog.com\/de\/wp-json\/wp\/v2\/users\/1"}],"replies":[{"embeddable":true,"href":"https:\/\/ip1blog.com\/de\/wp-json\/wp\/v2\/comments?post=288250"}],"version-history":[{"count":5,"href":"https:\/\/ip1blog.com\/de\/wp-json\/wp\/v2\/pages\/288250\/revisions"}],"predecessor-version":[{"id":288631,"href":"https:\/\/ip1blog.com\/de\/wp-json\/wp\/v2\/pages\/288250\/revisions\/288631"}],"wp:attachment":[{"href":"https:\/\/ip1blog.com\/de\/wp-json\/wp\/v2\/media?parent=288250"}],"curies":[{"name":"wp","href":"https:\/\/api.w.org\/{rel}","templated":true}]}}