{"id":288160,"date":"2025-07-08T18:04:47","date_gmt":"2025-07-08T21:04:47","guid":{"rendered":"https:\/\/ip1blog.com\/?page_id=288160"},"modified":"2025-07-10T00:30:26","modified_gmt":"2025-07-10T03:30:26","slug":"curso-de-eletricista-gratis-aprenda-a-profissao-que-paga-ate-r8-000-mes","status":"publish","type":"page","link":"https:\/\/ip1blog.com\/de\/kostenloser-elektroinstallateurkurs-erlernen-sie-den-beruf-der-bis-zu-r8-000-pro-monat-einbringt\/","title":{"rendered":"Kostenloser Elektriker-Kurs: Erlernen Sie den Beruf, der bis zu R$8.000\/Monat einbringt"},"content":{"rendered":"<h1 class=\"wp-block-heading\"><strong>Kostenloser Elektriker-Kurs: Erlernen Sie den Beruf, der bis zu R$8.000\/Monat einbringt<\/strong><\/h1>\n\n\n\n<p class=\"has-text-align-left\">Was w\u00e4re, wenn ich Ihnen sagen w\u00fcrde, dass Sie ALLES, was Sie brauchen, um ein professioneller Elektriker zu werden, lernen k\u00f6nnen, ohne einen Cent zu bezahlen?<strong>.<\/strong><\/p>\n\n\n\n<h2 class=\"wp-block-heading has-text-align-center\"><strong>M\u00f6chten Sie den Beruf des Elektrikers erlernen?<\/strong><\/h2>\n\n\n\n<div class=\"wp-block-buttons is-layout-flex wp-block-buttons-is-layout-flex\">\n<div class=\"wp-block-button has-custom-width wp-block-button__width-100\"><a class=\"wp-block-button__link has-vivid-green-cyan-background-color has-background has-medium-font-size has-custom-font-size wp-element-button\" href=\"https:\/\/ip1blog.com\/de\/post\/kostenlose-kurse-fur-elektriker-alles-was-sie-wissen-mussen-um-bei-null-anzufangen\/\"><strong>JA, ICH WILL DIESEN JOB<\/strong><\/a><\/div>\n\n\n\n<div class=\"wp-block-button has-custom-width wp-block-button__width-100\"><a class=\"wp-block-button__link has-vivid-cyan-blue-background-color has-background wp-element-button\" href=\"https:\/\/ip1blog.com\/de\/post\/category\/cursos\/curs-quiz\/\"><strong>SIEHE ANDERE OPTIONEN<\/strong><\/a><\/div>\n<\/div>\n\n\n\n<div style=\"height:70px\" aria-hidden=\"true\" class=\"wp-block-spacer\"><\/div>\n\n\n\n<p>In einem Land, in dem t\u00e4glich Tausende von Menschen auf der Suche nach einer besseren Chance sind, kann es eine Herausforderung sein, einen stabilen, gesch\u00e4tzten und gut bezahlten Beruf zu finden. Aber was w\u00e4re, wenn ich Ihnen sagen w\u00fcrde, dass <strong>es gibt einen Beruf, der bis zu R$8.000 pro Monat einbringen kann<\/strong>Was ist der beste Weg, um angesichts der gro\u00dfen Nachfrage auf dem Markt und der kostenlosen Kurse, mit denen Sie noch heute beginnen k\u00f6nnen, einzusteigen?<\/p>\n\n\n\n<p>Wir sprechen \u00fcber <strong>der Beruf des Elektrikers<\/strong>Dies ist einer der beliebtesten Kurse in Brasilien und kann Ihre finanzielle und berufliche Realit\u00e4t v\u00f6llig ver\u00e4ndern - selbst wenn Sie noch nie zuvor Kontakt mit diesem Gebiet hatten.<\/p>\n\n\n\n<p>In diesem Artikel werden Sie es verstehen:<\/p>\n\n\n\n<ul class=\"wp-block-list\">\n<li>Warum der Beruf des Elektrikers heute eine der besten Berufswahlen ist;<\/li>\n\n\n\n<li>Wie es m\u00f6glich ist, auch ohne Vorkenntnisse von Grund auf zu lernen;<\/li>\n\n\n\n<li>Wo Sie uns finden <strong>kostenloser Kurs f\u00fcr Elektriker<\/strong> und Qualit\u00e4t;<\/li>\n\n\n\n<li>Und wie man diese Gelegenheit nutzen kann, um sich eine viel bessere Zukunft zu sichern.<\/li>\n<\/ul>\n\n\n\n<h3 class=\"wp-block-heading\">Warum ist der Beruf des Elektrikers auf dem Vormarsch?<\/h3>\n\n\n\n<p>Die Antwort ist einfach: <strong>fast alles h\u00e4ngt heute von der Elektrizit\u00e4t ab<\/strong>. Privathaushalte, Unternehmen, Industriebetriebe und sogar landwirtschaftliche Betriebe brauchen gut funktionierende elektrische Anlagen. Und daf\u00fcr brauchen sie ausgebildete Fachleute.<\/p>\n\n\n\n<p>Dar\u00fcber hinaus haben die zunehmende Baut\u00e4tigkeit, der Ausbau von Eigentumswohnungen, Renovierungen und die Weiterentwicklung nachhaltiger Technologien (z. B. Solarenergie) dazu gef\u00fchrt, dass die <strong>die Nachfrage nach qualifizierten Elektrikerinnen und Elektrikern ist sprunghaft angestiegen<\/strong> in den letzten Jahren.<\/p>\n\n\n\n<p>Nach Angaben der Industrie gibt es Regionen des Landes, in denen <strong>Mangel an qualifizierten Arbeitskr\u00e4ften<\/strong> - was viele Unternehmen dazu veranlasst, h\u00f6here Geh\u00e4lter und sogar zus\u00e4tzliche Leistungen anzubieten, um gute Fachkr\u00e4fte anzuziehen.<\/p>\n\n\n\n<h3 class=\"wp-block-heading\">Wie viel verdient ein Elektriker?<\/h3>\n\n\n\n<p>Das Gehalt eines Elektrikers kann je nach Region, Erfahrung und Spezialisierung stark variieren. Es ist jedoch \u00fcblich, freie Stellen zu finden mit <strong>Anfangsgeh\u00e4lter zwischen R$2.000 und R$3.000<\/strong>. Mit der Zeit und mehr Training kann sich dieser Wert verdoppeln oder sogar verdreifachen.<\/p>\n\n\n\n<p>Selbstst\u00e4ndige Elektroinstallateure oder solche, die sich auf Installationen in Wohngeb\u00e4uden, Gewerbebetrieben oder Industrieanlagen spezialisiert haben, k\u00f6nnen <strong>zwischen R$5.000 und R$8.000 pro Monat verdienen<\/strong>insbesondere diejenigen, die sich mit Projekten, vorbeugender Wartung und der Installation von Sonnenkollektoren besch\u00e4ftigen.<\/p>\n\n\n\n<p>Dar\u00fcber hinaus k\u00f6nnen sich Elektroinstallateure selbstst\u00e4ndig machen, einen eigenen Kundenstamm aufbauen oder sogar mit Bauunternehmen und Festbetrieben zusammenarbeiten.<\/p>\n\n\n\n<h3 class=\"wp-block-heading\">Brauche ich Erfahrung, um Elektriker zu werden?<\/h3>\n\n\n\n<p>Dies ist einer der gro\u00dfen Vorteile dieses Berufes: <strong>Sie k\u00f6nnen ganz von vorne anfangen!<\/strong> Viele Elektriker haben als Hilfskr\u00e4fte oder in Einf\u00fchrungskursen angefangen und sich im Laufe der Zeit weiterentwickelt.<\/p>\n\n\n\n<p>Mit dem Zugang zum Internet ist es heutzutage m\u00f6glich, Kurse zu belegen <strong>v\u00f6llig kostenlos<\/strong> die alles von den grundlegendsten Konzepten bis hin zu fortgeschrittenen Techniken vermitteln. Und das Beste daran: alles in Ihrem eigenen Tempo, bequem von zu Hause aus und kostenlos.<\/p>\n\n\n\n<h3 class=\"wp-block-heading\">Was werde ich in einem kostenlosen Elektriker-Kurs lernen?<\/h3>\n\n\n\n<p>In einem guten kostenlosen Elektriker-Kurs lernen Sie:<\/p>\n\n\n\n<ul class=\"wp-block-list\">\n<li>Grundlagen der Elektrizit\u00e4t;<\/li>\n\n\n\n<li>Arten von elektrischem Strom (Gleich- und Wechselstrom);<\/li>\n\n\n\n<li>Zusammenbau und Ablesen elektrischer Schaltungen;<\/li>\n\n\n\n<li>Elektroinstallationen in Wohnh\u00e4usern und Geb\u00e4uden;<\/li>\n\n\n\n<li>Sicherheit am Arbeitsplatz (NR-10);<\/li>\n\n\n\n<li>Vorbeugende und korrigierende Wartung;<\/li>\n\n\n\n<li>Und sogar Vorstellungen \u00fcber Solarenergie und Photovoltaikanlagen.<\/li>\n<\/ul>\n\n\n\n<p>Einige Kurse bieten auch <strong>kostenloses Zertifikat<\/strong>Dies kann Ihre Chancen auf eine feste Anstellung oder die Betreuung weiterer Kunden auf freiberuflicher Basis erheblich verbessern.<\/p>\n\n\n\n<h3 class=\"wp-block-heading\">Wo kann ich einen kostenlosen Kurs f\u00fcr Elektriker finden?<\/h3>\n\n\n\n<p>Heute gibt es mehrere zuverl\u00e4ssige Plattformen, die Folgendes anbieten <strong>kostenloser Online-Kurs f\u00fcr Elektriker<\/strong>. Neben \u00f6ffentlichen Einrichtungen wie SENAI, die in Partnerschaft mit staatlichen Programmen arbeiten, finden Sie auch hervorragende M\u00f6glichkeiten bei:<\/p>\n\n\n\n<ul class=\"wp-block-list\">\n<li><strong>Online-Lehrplattformen<\/strong> (wie edX, Coursera und Udemy in kostenlosen Versionen);<\/li>\n\n\n\n<li><strong>Sozialprogramme und NROs<\/strong> die eine Berufsausbildung anbieten;<\/li>\n\n\n\n<li><strong>Spezialisierte Websites<\/strong> die kostenlose Materialien und vollst\u00e4ndige Videolektionen anbieten.<\/li>\n<\/ul>\n\n\n\n<p>Aber es ist wichtig, mit Bedacht zu w\u00e4hlen. Nicht jeder kostenlose Kurs bietet Qualit\u00e4t. Deshalb ist <strong>haben wir eine exklusive Seite zusammengestellt<\/strong> alle Informationen, die Sie ben\u00f6tigen, um sicher und mit einem hochwertigen Kurs zu beginnen. Den Link finden Sie unten auf dieser Seite.<\/p>\n\n\n\n<h3 class=\"wp-block-heading\">Warum diesen Kurs jetzt belegen?<\/h3>\n\n\n\n<p>Der Markt ist hei\u00df, und je fr\u00fcher Sie trainieren, desto besser, <strong>Sie k\u00f6nnen fr\u00fcher anfangen zu arbeiten und Geld zu verdienen<\/strong>. Der Beruf des Elektrikers erfordert keinen Hochschulabschluss und bietet <strong>Einkommen \u00fcber dem nationalen Durchschnitt<\/strong>auch f\u00fcr diejenigen, die gerade erst anfangen.<\/p>\n\n\n\n<p>Dar\u00fcber hinaus ist es ein Bereich, in dem <strong>kein Mangel an Arbeit<\/strong>. Mit jedem neuen Geb\u00e4ude, Gesch\u00e4ft oder Haus, das entsteht, wird ein Elektriker ben\u00f6tigt. Ganz zu schweigen von den Wartungsdiensten, die h\u00e4ufig und oft als Notf\u00e4lle anfallen und daher gut bezahlt werden.<\/p>\n\n\n\n<p>Ein weiterer wichtiger Punkt ist, dass Sie mit dem Zertifikat in der Hand sogar ein MEI (Individual Microentrepreneur) er\u00f6ffnen, Rechnungen ausstellen und Ihre Besch\u00e4ftigungsm\u00f6glichkeiten erweitern k\u00f6nnen.<\/p>\n\n\n\n<h3 class=\"wp-block-heading\">Erfahrungsberichte von Menschen, die bereits begonnen haben<\/h3>\n\n\n\n<blockquote class=\"wp-block-quote is-layout-flow wp-block-quote-is-layout-flow\">\n<p>\"Ich war Maurergehilfe, habe einen kostenlosen Online-Kurs f\u00fcr Elektriker gemacht und verdiene heute \u00fcber R$5.000 im Monat mit der Installation von Wohnungen. Es hat mein Leben ver\u00e4ndert!\" - <strong>Marcos, 34 Jahre alt - Fortaleza\/CE<\/strong><\/p>\n<\/blockquote>\n\n\n\n<blockquote class=\"wp-block-quote is-layout-flow wp-block-quote-is-layout-flow\">\n<p>\"Ich habe den Kurs aus Neugierde besucht und habe heute meinen eigenen Kundenstamm. Ich biete Dienstleistungen f\u00fcr Privathaushalte an und fange bereits an, mit Solarenergie zu arbeiten. Es lohnt sich sehr!\" - <strong>Tatiane, 29 Jahre alt - Campinas\/SP<\/strong><\/p>\n<\/blockquote>\n\n\n\n<h3 class=\"wp-block-heading\">Das k\u00f6nnte Ihre Chance sein, Ihr Leben zu ver\u00e4ndern<\/h3>\n\n\n\n<p>Ganz gleich, ob Sie arbeitslos sind, mit Ihrem jetzigen Verdienst unzufrieden sind oder einfach einen vielversprechenden neuen Beruf erlernen m\u00f6chten, <strong>Lassen Sie sich diese Gelegenheit nicht entgehen<\/strong>.<\/p>\n\n\n\n<p>Der Kurs ist kostenlos, 100% online, und Sie k\u00f6nnen heute beginnen. Sie brauchen Ihr Haus nicht zu verlassen, Sie m\u00fcssen nichts bezahlen und Sie brauchen keine Erfahrung zu haben.<\/p>\n\n\n\n<p>Alles, was Sie brauchen, ist der Wille zu lernen, die Schritte zu befolgen und sich zu engagieren.<\/p>","protected":false},"excerpt":{"rendered":"<p>Kostenloser Kurs f\u00fcr Elektriker: Erlernen Sie den Beruf, der bis zu R$8.000\/Monat einbringt Was w\u00e4re, wenn ich Ihnen sagen w\u00fcrde, dass Sie ALLES lernen k\u00f6nnen, was Sie brauchen, um Elektriker zu werden?<\/p>","protected":false},"author":1,"featured_media":0,"parent":0,"menu_order":0,"comment_status":"closed","ping_status":"closed","template":"","meta":{"footnotes":""},"class_list":["post-288160","page","type-page","status-publish","hentry"],"_links":{"self":[{"href":"https:\/\/ip1blog.com\/de\/wp-json\/wp\/v2\/pages\/288160","targetHints":{"allow":["GET"]}}],"collection":[{"href":"https:\/\/ip1blog.com\/de\/wp-json\/wp\/v2\/pages"}],"about":[{"href":"https:\/\/ip1blog.com\/de\/wp-json\/wp\/v2\/types\/page"}],"author":[{"embeddable":true,"href":"https:\/\/ip1blog.com\/de\/wp-json\/wp\/v2\/users\/1"}],"replies":[{"embeddable":true,"href":"https:\/\/ip1blog.com\/de\/wp-json\/wp\/v2\/comments?post=288160"}],"version-history":[{"count":15,"href":"https:\/\/ip1blog.com\/de\/wp-json\/wp\/v2\/pages\/288160\/revisions"}],"predecessor-version":[{"id":288211,"href":"https:\/\/ip1blog.com\/de\/wp-json\/wp\/v2\/pages\/288160\/revisions\/288211"}],"wp:attachment":[{"href":"https:\/\/ip1blog.com\/de\/wp-json\/wp\/v2\/media?parent=288160"}],"curies":[{"name":"wp","href":"https:\/\/api.w.org\/{rel}","templated":true}]}}