{"id":287927,"date":"2024-09-30T21:08:36","date_gmt":"2024-10-01T00:08:36","guid":{"rendered":"https:\/\/ip1blog.com\/?page_id=287927"},"modified":"2024-11-23T11:00:56","modified_gmt":"2024-11-23T14:00:56","slug":"aplicativo-para-baixar-musicas-mp3-gratis","status":"publish","type":"page","link":"https:\/\/ip1blog.com\/de\/kostenloser-mp3-musik-downloader\/","title":{"rendered":"Kostenlose MP3-Musik-Download-App"},"content":{"rendered":"<h2>Kostenlose MP3-Musik-Download-App<\/h2>\n<p>Wir haben ein Handbuch erstellt, das Ihnen bei der Suche nach einem <strong>Anwendung zum Anh\u00f6ren und Herunterladen von MP3-Musik<\/strong> auf Ihrem Mobiltelefon. Genie\u00dfen Sie Ihre Lieblingstitel direkt von Ihrem mobilen Ger\u00e4t. Das Beste<strong> Musik-Streaming-Apps<\/strong>.<\/p>\n<h2>M\u00d6CHTEN SIE MUSIK AUF IHR MOBILTELEFON HERUNTERLADEN?<\/h2>\n<p>\t\t\t<a href=\"https:\/\/ip1blog.com\/de\/post\/app-to-listen-and-download-music-on-mobile-for-free\/\"><br \/>\n\t\t\t\t\t\t\t\t\tJA<br \/>\n\t\t\t\t\t<\/a><br \/>\n\t\t\t<a href=\"https:\/\/ip1blog.com\/de\/post\/app-to-listen-and-download-music-on-mobile-for-free\/\"><br \/>\n\t\t\t\t\t\t\t\t\tNEIN<br \/>\n\t\t\t\t\t<\/a><\/p>\n<h2>Sie bleiben auf dieser Seite<\/h2>\n<p>\t\t\t<!-- Event snippet for PAGEVIEW - AGORA NOT\u00cdCIAS conversion page --><\/p>\n<h1>Anwendungen zum Herunterladen und Anh\u00f6ren von Musik auf Ihrem Mobiltelefon<\/h1>\n<p>Musik ist zweifelsohne eine der am meisten gesch\u00e4tzten und konsumierten Kunstformen der Welt. Sie hat die Macht, uns an verschiedene Orte zu versetzen, intensive Erinnerungen und Gef\u00fchle zu wecken und besondere Momente in unserem Leben zu markieren. Mit dem Fortschritt der Technologie hat sich die Art und Weise, wie wir Musik konsumieren, drastisch ver\u00e4ndert. Heute spielen Anwendungen zum Herunterladen und Anh\u00f6ren von Musik auf Mobiltelefonen eine wesentliche Rolle bei diesem Wandel.<\/p>\n<h3>Eine kurze Geschichte der mobilen Musik<\/h3>\n<p>Bevor wir \u00fcber Apps sprechen, ist es interessant zu verstehen, wie wir an diesen Punkt gelangt sind. Vor einigen Jahrzehnten war es noch undenkbar, Musik in der Tasche zu tragen. Ger\u00e4te wie Walkman und Discman waren zwar innovativ, hatten aber ihre Grenzen, vor allem in Bezug auf Speicherkapazit\u00e4t und Tragbarkeit.<\/p>\n<p>Mit dem Aufkommen von MP3-Playern wie dem iPod machte die Musikrevolution einen gro\u00dfen Schritt nach vorn. Es war m\u00f6glich, Tausende von Songs auf einem einzigen Ger\u00e4t zu speichern, wodurch das Musikh\u00f6ren pers\u00f6nlicher und praktischer wurde.<\/p>\n<p>Die eigentliche Revolution fand jedoch mit dem Aufkommen der Smartphones statt. Diese Ger\u00e4te speichern nicht nur Musik, sondern erm\u00f6glichen auch den Zugang zum Internet, so dass man Musik sofort herunterladen und anh\u00f6ren kann.<\/p>\n<h3>Das Zeitalter der Musik-Apps<\/h3>\n<p>Musik-Apps haben die Art und Weise revolutioniert, wie wir mit unseren Lieblingstiteln umgehen. Hier sind einige der wichtigsten Vorteile:<\/p>\n<ul>\n<li><strong>Einfacher Zugang<\/strong>Mit nur wenigen Klicks k\u00f6nnen Sie jeden Song, jeden K\u00fcnstler oder jedes Album finden, das Sie h\u00f6ren m\u00f6chten.<\/li>\n<li><strong>Entdeckung neuer K\u00fcnstler<\/strong>Viele Apps verwenden Algorithmen, die Ihre Vorlieben analysieren und neue Songs und K\u00fcnstler vorschlagen, die auf dem basieren, was Sie bereits m\u00f6gen.<\/li>\n<li><strong>Personalisierung<\/strong>Personalisierte Wiedergabelisten, themenbezogene Radiosender und Empfehlungen machen das Musikerlebnis f\u00fcr jeden Nutzer einzigartig.<\/li>\n<li><strong>Audio-Qualit\u00e4t<\/strong>Bei einigen Anwendungen k\u00f6nnen Sie die Audioqualit\u00e4t je nach Verbindung oder Benutzerpr\u00e4ferenz anpassen.<\/li>\n<li><strong>Verbinden mit anderen Ger\u00e4ten<\/strong>Viele Anwendungen lassen sich mit anderen Ger\u00e4ten verbinden, z. B. mit intelligenten Lautsprechern, und bieten so ein noch intensiveres Erlebnis.<\/li>\n<\/ul>\n<h3>Faktoren, die bei der Auswahl einer Anwendung zu ber\u00fccksichtigen sind<\/h3>\n<p>Bei der Auswahl einer Anwendung zum Herunterladen und Anh\u00f6ren von Musik sind einige Punkte zu beachten:<\/p>\n<ul>\n<li><strong>Kosten<\/strong>Einige Anwendungen sind kostenlos, enthalten aber m\u00f6glicherweise Werbung oder haben Einschr\u00e4nkungen. Andere bieten kostenpflichtige Pl\u00e4ne mit mehr Funktionen und ohne Unterbrechungen.<\/li>\n<li><strong>Musikbibliothek<\/strong>Nicht alle Apps haben die gleiche Musik. Je nach Ihrem Musikgeschmack kann die eine besser geeignet sein als die andere.<\/li>\n<li><strong>Schnittstelle und Benutzerfreundlichkeit<\/strong>Die Benutzerfreundlichkeit ist entscheidend. Eine verwirrende Schnittstelle kann Ihre Erfahrung gef\u00e4hrden.<\/li>\n<li><strong>Offline vs. Online<\/strong>Einige Apps erm\u00f6glichen das Herunterladen von Musik zum Offline-H\u00f6ren, was an Orten mit begrenztem Internet oder zum Sparen von Mobilfunkdaten n\u00fctzlich ist.<\/li>\n<\/ul>\n<h3>Die Auswirkungen des Streaming<\/h3>\n<p>Das Streaming hat den Musikmarkt v\u00f6llig ver\u00e4ndert. Anstatt Musik einzeln zu kaufen und zu speichern, zahlen die Nutzer ein monatliches Abonnement (oder nutzen werbefinanzierte Versionen), um auf riesige Musikbibliotheken zuzugreifen. Dies hat die Musik zug\u00e4nglicher und vielf\u00e4ltiger gemacht als je zuvor.<\/p>\n<p>Bei so vielen verf\u00fcgbaren Apps kann es jedoch schwierig sein, die beste auszuw\u00e4hlen. Jede von ihnen hat ihre eigenen St\u00e4rken, einzigartigen Funktionen und unterschiedlichen Schwerpunkte.<\/p>\n<p>\u00a0<\/p>\n<p>Apps zum Herunterladen und Anh\u00f6ren von Musik auf Ihrem Mobiltelefon haben die Musikindustrie ver\u00e4ndert und sie zug\u00e4nglicher, individueller und vielf\u00e4ltiger gemacht. Auch wenn dieser Artikel nicht im Detail auf die Apps eingegangen ist, keine Sorge!<\/p>\n<p>Wenn Sie sich \u00fcber die besten verf\u00fcgbaren Optionen informieren m\u00f6chten und Tipps zum Herunterladen und Erkunden der einzelnen Optionen suchen, haben wir genau das Richtige f\u00fcr Sie. Werfen Sie einen Blick auf unseren erg\u00e4nzenden Artikel, in dem wir die wichtigsten Optionen auf dem Markt analysieren und Ihnen eine Schritt-f\u00fcr-Schritt-Anleitung bieten, damit Sie Ihre musikalische Reise beginnen k\u00f6nnen. Klicken Sie auf den unten stehenden Link und setzen Sie Ihr musikalisches Abenteuer mit uns fort!<\/p>\n<p>\t\t\t<a href=\"https:\/\/ip1blog.com\/de\/post\/app-to-listen-and-download-music-on-mobile-for-free\/\"><br \/>\n\t\t\t\t\t\t\t\t\tSO LADEN SIE DIE ANWENDUNG HERUNTER<br \/>\n\t\t\t\t\t<\/a><\/p>\n<h2>Sie bleiben auf dieser Seite<\/h2>","protected":false},"excerpt":{"rendered":"<p>Anwendung zum Herunterladen von kostenloser MP3-Musik Wir haben eine Anleitung erstellt, um Ihnen zu helfen, eine Anwendung zum Anh\u00f6ren und Herunterladen von MP3-Musik auf Ihrem Mobiltelefon zu finden....<\/p>","protected":false},"author":1,"featured_media":0,"parent":0,"menu_order":0,"comment_status":"closed","ping_status":"closed","template":"elementor_header_footer","meta":{"footnotes":""},"class_list":["post-287927","page","type-page","status-publish","hentry"],"_links":{"self":[{"href":"https:\/\/ip1blog.com\/de\/wp-json\/wp\/v2\/pages\/287927","targetHints":{"allow":["GET"]}}],"collection":[{"href":"https:\/\/ip1blog.com\/de\/wp-json\/wp\/v2\/pages"}],"about":[{"href":"https:\/\/ip1blog.com\/de\/wp-json\/wp\/v2\/types\/page"}],"author":[{"embeddable":true,"href":"https:\/\/ip1blog.com\/de\/wp-json\/wp\/v2\/users\/1"}],"replies":[{"embeddable":true,"href":"https:\/\/ip1blog.com\/de\/wp-json\/wp\/v2\/comments?post=287927"}],"version-history":[{"count":10,"href":"https:\/\/ip1blog.com\/de\/wp-json\/wp\/v2\/pages\/287927\/revisions"}],"predecessor-version":[{"id":287949,"href":"https:\/\/ip1blog.com\/de\/wp-json\/wp\/v2\/pages\/287927\/revisions\/287949"}],"wp:attachment":[{"href":"https:\/\/ip1blog.com\/de\/wp-json\/wp\/v2\/media?parent=287927"}],"curies":[{"name":"wp","href":"https:\/\/api.w.org\/{rel}","templated":true}]}}