{"id":26,"date":"2023-08-19T18:20:00","date_gmt":"2023-08-19T18:20:00","guid":{"rendered":"https:\/\/casacelular.com.br\/?page_id=26"},"modified":"2024-07-12T12:15:18","modified_gmt":"2024-07-12T15:15:18","slug":"contact-us","status":"publish","type":"page","link":"https:\/\/ip1blog.com\/de\/kontakt-uns\/","title":{"rendered":"Kontaktiere uns"},"content":{"rendered":"<p>Wir sind immer daran interessiert, mit unseren Lesern und Partnern in Kontakt zu treten. Egal, ob Sie uns Feedback, Fragen oder Anregungen schicken m\u00f6chten, hier erfahren Sie, wie Sie mit uns in Kontakt treten k\u00f6nnen:<\/p>\n\n\n\n<h3 class=\"wp-block-heading\">Schicken Sie uns eine E-Mail<\/h3>\n\n\n\n<p>F\u00fcr allgemeine Anfragen, Unterst\u00fctzung oder Feedback senden Sie bitte eine E-Mail an: <a>help@izzotodigital.com.br<\/a>. Wir bem\u00fchen uns, alle E-Mails innerhalb von 24-48 Stunden zu beantworten.<\/p>\n\n\n\n<h3 class=\"wp-block-heading\">Folgen Sie uns auf den sozialen Medien<\/h3>\n\n\n\n<p>Bleiben Sie auf dem Laufenden und interagieren Sie mit uns \u00fcber unsere Social-Media-Plattformen:<\/p>\n\n\n\n<p><strong>Twitter:<\/strong> @ip1blog<\/p>\n\n\n\n<p><strong>Instagram:<\/strong> @ip1blog<\/p>\n\n\n\n<p><strong>Facebook:<\/strong> @ip1blog<\/p>\n\n\n\n<h3 class=\"wp-block-heading\">Besuchen Sie uns<\/h3>\n\n\n\n<p>Obwohl wir in erster Linie eine Online-Plattform sind, k\u00f6nnen Sie uns auch in unserem Verwaltungsb\u00fcro in S\u00e3o Paulo finden:<\/p>\n\n\n\n<p><strong>IP1 Blog<\/strong><\/p>\n\n\n\n<p>S\u00e3o Paulo, SP<\/p>\n\n\n\n<p>Brasilien<\/p>\n\n\n\n<p>Wir freuen uns darauf, von Ihnen zu h\u00f6ren und Ihre automobile Reise zu verbessern. Nehmen Sie noch heute Kontakt mit uns auf und lassen Sie uns das Gespr\u00e4ch vorantreiben!<\/p>","protected":false},"excerpt":{"rendered":"<p>Wir sind immer daran interessiert, mit unseren Lesern und Partnern in Kontakt zu treten. Egal, ob Sie uns Feedback, Fragen oder Anregungen schicken m\u00f6chten, hier k\u00f6nnen Sie mit uns in Kontakt treten...<\/p>","protected":false},"author":1,"featured_media":0,"parent":0,"menu_order":0,"comment_status":"closed","ping_status":"closed","template":"","meta":{"footnotes":""},"class_list":["post-26","page","type-page","status-publish","hentry"],"_links":{"self":[{"href":"https:\/\/ip1blog.com\/de\/wp-json\/wp\/v2\/pages\/26","targetHints":{"allow":["GET"]}}],"collection":[{"href":"https:\/\/ip1blog.com\/de\/wp-json\/wp\/v2\/pages"}],"about":[{"href":"https:\/\/ip1blog.com\/de\/wp-json\/wp\/v2\/types\/page"}],"author":[{"embeddable":true,"href":"https:\/\/ip1blog.com\/de\/wp-json\/wp\/v2\/users\/1"}],"replies":[{"embeddable":true,"href":"https:\/\/ip1blog.com\/de\/wp-json\/wp\/v2\/comments?post=26"}],"version-history":[{"count":2,"href":"https:\/\/ip1blog.com\/de\/wp-json\/wp\/v2\/pages\/26\/revisions"}],"predecessor-version":[{"id":287788,"href":"https:\/\/ip1blog.com\/de\/wp-json\/wp\/v2\/pages\/26\/revisions\/287788"}],"wp:attachment":[{"href":"https:\/\/ip1blog.com\/de\/wp-json\/wp\/v2\/media?parent=26"}],"curies":[{"name":"wp","href":"https:\/\/api.w.org\/{rel}","templated":true}]}}